{"id":14,"date":"2024-01-21T18:15:53","date_gmt":"2024-01-21T18:15:53","guid":{"rendered":"https:\/\/marabi.ee\/?page_id=14"},"modified":"2026-02-02T21:39:55","modified_gmt":"2026-02-02T19:39:55","slug":"kontakt","status":"publish","type":"page","link":"https:\/\/marabi.ee\/ru\/kontakt\/","title":{"rendered":"\u041a\u043e\u043d\u0442\u0430\u043a\u0442"},"content":{"rendered":"<p>[et_pb_section fb_built=&#8221;1&#8243; admin_label=&#8221;Testimonials&#8221; _builder_version=&#8221;4.27.4&#8243; _module_preset=&#8221;default&#8221; background_color=&#8221;gcid-369d6a5c-948a-46a7-83c8-2ed935036bdf&#8221; background_enable_mask_style=&#8221;on&#8221; background_mask_style=&#8221;diagonal&#8221; background_mask_color=&#8221;rgba(193,139,92,0.2)&#8221; background_mask_transform=&#8221;invert|flip_horizontal|flip_vertical&#8221; custom_padding=&#8221;4vw||2vw||false|false&#8221; bottom_divider_color=&#8221;rgba(59,84,68,0.8)&#8221; bottom_divider_height=&#8221;400px&#8221; bottom_divider_flip=&#8221;vertical&#8221; locked=&#8221;off&#8221; collapsed=&#8221;on&#8221; global_colors_info=&#8221;{%22gcid-369d6a5c-948a-46a7-83c8-2ed935036bdf%22:%91%22background_color%22%93}&#8221;][et_pb_row custom_padding_last_edited=&#8221;on|phone&#8221; _builder_version=&#8221;4.27.4&#8243; _module_preset=&#8221;default&#8221; background_enable_color=&#8221;off&#8221; use_background_color_gradient=&#8221;on&#8221; background_color_gradient_direction=&#8221;130deg&#8221; background_color_gradient_stops=&#8221;rgba(10,10,10,0.3) 16%|rgba(132,91,62,0.76) 99%&#8221; background_color_gradient_overlays_image=&#8221;on&#8221; background_image=&#8221;https:\/\/marabi.ee\/wp-content\/uploads\/2025\/05\/marabi-taust-scaled-2.jpg&#8221; custom_margin=&#8221;||||false|false&#8221; custom_margin_tablet=&#8221;||||false|false&#8221; custom_margin_phone=&#8221;6vw||12vw||false|false&#8221; custom_margin_last_edited=&#8221;on|phone&#8221; custom_padding=&#8221;5vw||5vw||true|false&#8221; custom_padding_tablet=&#8221;5vw||5vw||true|false&#8221; custom_padding_phone=&#8221;6vw||6vw||true|false&#8221; border_radii=&#8221;on|50px|50px|50px|50px&#8221; saved_tabs=&#8221;all&#8221; locked=&#8221;off&#8221; global_colors_info=&#8221;{}&#8221;][et_pb_column type=&#8221;4_4&#8243; _builder_version=&#8221;4.21.0&#8243; _module_preset=&#8221;default&#8221; global_colors_info=&#8221;{}&#8221;][et_pb_post_title meta=&#8221;off&#8221; featured_image=&#8221;off&#8221; _builder_version=&#8221;4.27.4&#8243; _module_preset=&#8221;default&#8221; title_font=&#8221;Albert Sans|700|||||||&#8221; title_text_align=&#8221;center&#8221; title_text_color=&#8221;#FFFFFF&#8221; title_font_size=&#8221;50px&#8221; title_letter_spacing=&#8221;1px&#8221; custom_margin=&#8221;||||false|false&#8221; global_colors_info=&#8221;{}&#8221;][\/et_pb_post_title][\/et_pb_column][\/et_pb_row][\/et_pb_section][et_pb_section fb_built=&#8221;1&#8243; _builder_version=&#8221;4.27.4&#8243; _module_preset=&#8221;default&#8221; background_color=&#8221;#f9f6f5&#8243; background_enable_mask_style=&#8221;on&#8221; background_mask_style=&#8221;diagonal&#8221; background_mask_color=&#8221;rgba(193,139,92,0.2)&#8221; background_mask_transform=&#8221;invert&#8221; custom_margin=&#8221;2vw||4vw||false|false&#8221; custom_padding=&#8221;0px||0px|||&#8221; hover_enabled=&#8221;0&#8243; locked=&#8221;off&#8221; global_colors_info=&#8221;{}&#8221; sticky_enabled=&#8221;0&#8243;][et_pb_row column_structure=&#8221;1_3,2_3&#8243; admin_label=&#8221;Kontakt(Persoon, V\u00f5ta meiega \u00fchendust!)&#8221; _builder_version=&#8221;4.27.4&#8243; _module_preset=&#8221;default&#8221; custom_padding=&#8221;0px||0px|||&#8221; hover_enabled=&#8221;0&#8243; global_colors_info=&#8221;{}&#8221; sticky_enabled=&#8221;0&#8243;][et_pb_column type=&#8221;1_3&#8243; admin_label=&#8221;Kontakti persoon&#8221; _builder_version=&#8221;4.27.4&#8243; _module_preset=&#8221;default&#8221; custom_padding=&#8221;1vw||||false|false&#8221; custom_padding_tablet=&#8221;10vw||||false|false&#8221; custom_padding_phone=&#8221;10vw||||false|false&#8221; custom_padding_last_edited=&#8221;on|desktop&#8221; global_colors_info=&#8221;{}&#8221;][difl_advanced_person ap_photo=&#8221;https:\/\/marabi.ee\/wp-content\/uploads\/2025\/05\/raivo.png&#8221; ap_name=&#8221;Raivo N\u00f5mmemees&#8221; ap_role=&#8221;M\u00fc\u00fcgijuht&#8221; social_section_align=&#8221;center&#8221; icon_size=&#8221;20px&#8221; image_wrapper_padding=&#8221;||25px||false|false&#8221; _builder_version=&#8221;4.27.4&#8243; _module_preset=&#8221;default&#8221; name_font=&#8221;|700|||||||&#8221; name_text_color=&#8221;#022620&#8243; role_text_color=&#8221;#005341&#8243; content_text_align=&#8221;center&#8221; max_width=&#8221;219px&#8221; module_alignment=&#8221;center&#8221; hover_enabled=&#8221;0&#8243; border_radii_photo_border=&#8221;on|250px|250px|250px|250px&#8221; global_colors_info=&#8221;{}&#8221; sticky_enabled=&#8221;0&#8243; ap_email=&#8221;info@marabi.eu&#8221; ap_phone=&#8221;+372 552 5322&#8243;][\/difl_advanced_person][\/et_pb_column][et_pb_column type=&#8221;2_3&#8243; admin_label=&#8221;V\u00f5ta meiega \u00fchendust!&#8221; _builder_version=&#8221;4.24.0&#8243; _module_preset=&#8221;default&#8221; global_colors_info=&#8221;{}&#8221;][et_pb_contact_form email=&#8221;info@marabi.eu&#8221; title=&#8221;V\u00f5ta meiega \u00fchendust!&#8221; success_message=&#8221;<\/p>\n<table border=%220%22 cellpadding=%220%22 cellspacing=%220%22 width=%22100%%22 style=%22border: 0px solid #fff;%22>\n<tr style=%22border: 0px;%22>\n<td align=%22center%22 valign=%22top%22 style=%22padding: 24px 12px; border: 0px;%22>\n<h3 style=%22display: inline-block; padding: 10px 20px; margin-top: 20px; background-color: #4CAF50; color: #ffffff; text-decoration: none; border-radius: 5px;%22>Teie s\u00f5num on meile edastatud. V\u00f5tame Teiega peatselt \u00fchendust!<\/h3>\n<\/td>\n<\/tr>\n<\/table>\n<p>&#8221; submit_button_text=&#8221;Saada&#8221; admin_label=&#8221;V\u00f5ta meiega \u00fchendust!&#8221; _builder_version=&#8221;4.27.4&#8243; _module_preset=&#8221;a52b651a-49b1-4a7c-bc51-f8a76057cbd2&#8243; form_field_background_color=&#8221;rgba(152,160,148,0.16)&#8221; form_field_text_color=&#8221;#005341&#8243; title_level=&#8221;h2&#8243; title_font=&#8221;Albert Sans|700|||||||&#8221; title_text_color=&#8221;#022620&#8243; title_font_size=&#8221;26px&#8221; captcha_font=&#8221;Albert Sans|700|||||||&#8221; captcha_text_color=&#8221;#022620&#8243; captcha_font_size=&#8221;14px&#8221; captcha_letter_spacing=&#8221;5px&#8221; button_text_color=&#8221;#FFFFFF&#8221; button_bg_color=&#8221;#005341&#8243; button_letter_spacing=&#8221;0px&#8221; button_font=&#8221;Albert Sans|700|||||||&#8221; button_icon=&#8221;&#xf1d8;||fa||400&#8243; button_icon_color=&#8221;#FFFFFF&#8221; button_icon_placement=&#8221;left&#8221; button_on_hover=&#8221;off&#8221; button_custom_margin=&#8221;||||false|false&#8221; button_custom_padding=&#8221;16px|50px|16px|62px|true|false&#8221; text_orientation=&#8221;left&#8221; width=&#8221;100%&#8221; custom_margin=&#8221;||||false|false&#8221; custom_padding=&#8221;||||false|false&#8221; use_custom_message_richtext=&#8221;on&#8221; custom_message_richtext=&#8221;<\/p>\n<div class=%22preheader%22 style=%22display: none; max-width: 0; max-height: 0; overflow: hidden; font-size: 1px; line-height: 1px; color: #fff; opacity: 0;%22>K\u00fcsimuse on esitanud %%nimi%%. Lisainfosse on m\u00e4rgitud: %%lisainfo%%<\/div>\n<table border=%220%22 cellpadding=%220%22 cellspacing=%220%22 width=%22100%%22 style=%22max-width: 600px; height: 511px; width: 100%;%22>\n<tbody>\n<tr bgcolor=%22#e9ecef%22 style=%22height: 90px;%22>\n<td align=%22center%22 valign=%22top%22 style=%22padding: 30px 30px; height: 90px;%22><a href=%22https:\/\/marabi.ee\/%22 data-et-target-link=%22_blank%22 style=%22display: inline-block;%22 rel=%22noopener%22><br \/><img src=%22https:\/\/marabi.ee\/wp-content\/uploads\/2024\/02\/marabi_logo_lai.png%22 alt=%22Logo%22 border=%220%22 width=%22100%22 style=%22display: block; width: 200px; max-width: 200px; min-width: 48px;%22 \/><br \/><\/a><\/td>\n<\/tr>\n<tr style=%22height: 48px;%22>\n<td align=%22center%22 bgcolor=%22#ffffff%22 style=%22padding: 36px 24px 0px; font-family: 'Source Sans Pro', Helvetica, Arial, sans-serif; border-top: 3px solid #d4dadf; height: 48px;%22>\n<h1 style=%22margin: 0; font-size: 32px; font-weight: bold; letter-spacing: -1px; line-height: 48px;%22>Teile on esitatud k\u00fcsimus!<\/h1>\n<\/td>\n<\/tr>\n<tr style=%22height: 72px;%22>\n<td align=%22center%22 bgcolor=%22#ffffff%22 style=%22padding: 12px; height: 72px;%22>\n<table border=%220%22 cellpadding=%220%22 cellspacing=%220%22>\n<tbody>\n<tr>\n<td align=%22center%22 bgcolor=%22#ffffff%22 style=%22padding: 24px; font-family: 'Source Sans Pro', Helvetica, Arial, sans-serif; font-size: 16px; line-height: 20px;%22>\n<p style=%22margin: 0;%22>Nimi: %%nimi%%<\/p>\n<\/td>\n<td align=%22center%22 bgcolor=%22#ffffff%22 style=%22padding: 24px; font-family: 'Source Sans Pro', Helvetica, Arial, sans-serif; font-size: 16px; line-height: 20px;%22>\n<p style=%22margin: 0;%22>E-posti aadress: <a href=%22mail:%%e-post%%%22 data-et-target-link=%22_blank%22 rel=%22noopener%22>%%e-post%%<\/a><\/p>\n<\/td>\n<\/tr>\n<\/tbody>\n<\/table>\n<\/td>\n<\/tr>\n<tr style=%22height: 72px;%22>\n<td align=%22center%22 bgcolor=%22#ffffff%22 style=%22padding: 12px; height: 72px;%22>\n<table border=%220%22 cellpadding=%220%22 cellspacing=%220%22>\n<tbody>\n<tr>\n<td align=%22center%22 bgcolor=%22#ffffff%22 style=%22padding: 24px; font-family: 'Source Sans Pro', Helvetica, Arial, sans-serif; font-size: 16px; line-height: 20px;%22>\n<p style=%22margin: 0;%22>Lisainfo: %%lisainfo%%<\/p>\n<\/td>\n<\/tr>\n<\/tbody>\n<\/table>\n<\/td>\n<\/tr>\n<tr style=%22height: 48px;%22>\n<td align=%22left%22 bgcolor=%22#ffffff%22 style=%22padding: 24px; font-family: 'Source Sans Pro', Helvetica, Arial, sans-serif; font-size: 16px; line-height: 24px; border-bottom: 3px solid #d4dadf; height: 48px;%22>\n<p style=%22margin: 0;%22>Lugupidamisega<br \/>Marabi.ee<\/p>\n<\/td>\n<\/tr>\n<tr style=%22height: 60px;%22>\n<td align=%22center%22 bgcolor=%22#e9ecef%22 style=%22padding: 36px 12px; font-family: 'Source Sans Pro', Helvetica, Arial, sans-serif; font-size: 14px; line-height: 20px; color: #666666; height: 60px;%22>\n<p style=%22margin: 0;%22>Kui te pole e-kirja adressaat, siis ei tohi te kirjas olevat teavet ilma loata mingil viisil kasutada. Kui olete saanud kirja eksituse t\u00f5ttu, palun teavitage sellest kohe e-kirja saatjat ja kustutage e-kiri koos k\u00f5ikide lisadega.<\/p>\n<\/td>\n<\/tr>\n<\/tbody>\n<\/table>\n<p>&#8221; admin_email_subject=&#8221;Marabi.ee | Teile on esitatud k\u00fcsimus!&#8221; admin_email_from_name=&#8221;Marabi&#8221; submit_button_wait_text=&#8221;Palun oodake&#8230;&#8221; border_color_all=&#8221;#005341&#8243; locked=&#8221;off&#8221; global_colors_info=&#8221;{%22gcid-369d6a5c-948a-46a7-83c8-2ed935036bdf%22:%91%22button_text_color%22,%22button_text_color%22,%22button_text_color%22,%22button_text_color%22%93,%22gcid-7548ccd0-3a86-4c27-a211-9ba11bfdbe0a%22:%91%22form_field_text_color%22,%22form_field_text_color%22%93,%22gcid-aa8ab6bb-6aae-4545-8323-e9f7c570e8d7%22:%91%22border_color_all_fields%22,%22border_color_all_fields%22%93,%22gcid-4e1a4293-6847-4a8b-8670-1037625c3a21%22:%91%22form_field_text_color%22,%22form_field_text_color%22%93}&#8221;][et_pb_contact_field field_id=&#8221;nimi&#8221; field_title=&#8221;Teie nimi&#8221; fullwidth_field=&#8221;on&#8221; _builder_version=&#8221;4.27.4&#8243; _module_preset=&#8221;default&#8221; global_colors_info=&#8221;{}&#8221; button_text_size__hover_enabled=&#8221;off&#8221; button_one_text_size__hover_enabled=&#8221;off&#8221; button_two_text_size__hover_enabled=&#8221;off&#8221; button_text_color__hover_enabled=&#8221;off&#8221; button_one_text_color__hover_enabled=&#8221;off&#8221; button_two_text_color__hover_enabled=&#8221;off&#8221; button_border_width__hover_enabled=&#8221;off&#8221; button_one_border_width__hover_enabled=&#8221;off&#8221; button_two_border_width__hover_enabled=&#8221;off&#8221; button_border_color__hover_enabled=&#8221;off&#8221; button_one_border_color__hover_enabled=&#8221;off&#8221; button_two_border_color__hover_enabled=&#8221;off&#8221; button_border_radius__hover_enabled=&#8221;off&#8221; button_one_border_radius__hover_enabled=&#8221;off&#8221; button_two_border_radius__hover_enabled=&#8221;off&#8221; button_letter_spacing__hover_enabled=&#8221;off&#8221; button_one_letter_spacing__hover_enabled=&#8221;off&#8221; button_two_letter_spacing__hover_enabled=&#8221;off&#8221; button_bg_color__hover_enabled=&#8221;off&#8221; button_one_bg_color__hover_enabled=&#8221;off&#8221; button_two_bg_color__hover_enabled=&#8221;off&#8221;][\/et_pb_contact_field][et_pb_contact_field field_id=&#8221;e-post&#8221; field_title=&#8221;E-posti aadress&#8221; field_type=&#8221;email&#8221; fullwidth_field=&#8221;on&#8221; _builder_version=&#8221;4.27.4&#8243; _module_preset=&#8221;default&#8221; global_colors_info=&#8221;{}&#8221; button_text_size__hover_enabled=&#8221;off&#8221; button_one_text_size__hover_enabled=&#8221;off&#8221; button_two_text_size__hover_enabled=&#8221;off&#8221; button_text_color__hover_enabled=&#8221;off&#8221; button_one_text_color__hover_enabled=&#8221;off&#8221; button_two_text_color__hover_enabled=&#8221;off&#8221; button_border_width__hover_enabled=&#8221;off&#8221; button_one_border_width__hover_enabled=&#8221;off&#8221; button_two_border_width__hover_enabled=&#8221;off&#8221; button_border_color__hover_enabled=&#8221;off&#8221; button_one_border_color__hover_enabled=&#8221;off&#8221; button_two_border_color__hover_enabled=&#8221;off&#8221; button_border_radius__hover_enabled=&#8221;off&#8221; button_one_border_radius__hover_enabled=&#8221;off&#8221; button_two_border_radius__hover_enabled=&#8221;off&#8221; button_letter_spacing__hover_enabled=&#8221;off&#8221; button_one_letter_spacing__hover_enabled=&#8221;off&#8221; button_two_letter_spacing__hover_enabled=&#8221;off&#8221; button_bg_color__hover_enabled=&#8221;off&#8221; button_one_bg_color__hover_enabled=&#8221;off&#8221; button_two_bg_color__hover_enabled=&#8221;off&#8221;][\/et_pb_contact_field][et_pb_contact_field field_id=&#8221;lisainfo&#8221; field_title=&#8221;Teie s\u00f5num&#8221; field_type=&#8221;text&#8221; fullwidth_field=&#8221;on&#8221; _builder_version=&#8221;4.27.4&#8243; _module_preset=&#8221;default&#8221; global_colors_info=&#8221;{}&#8221; button_text_size__hover_enabled=&#8221;off&#8221; button_one_text_size__hover_enabled=&#8221;off&#8221; button_two_text_size__hover_enabled=&#8221;off&#8221; button_text_color__hover_enabled=&#8221;off&#8221; button_one_text_color__hover_enabled=&#8221;off&#8221; button_two_text_color__hover_enabled=&#8221;off&#8221; button_border_width__hover_enabled=&#8221;off&#8221; button_one_border_width__hover_enabled=&#8221;off&#8221; button_two_border_width__hover_enabled=&#8221;off&#8221; button_border_color__hover_enabled=&#8221;off&#8221; button_one_border_color__hover_enabled=&#8221;off&#8221; button_two_border_color__hover_enabled=&#8221;off&#8221; button_border_radius__hover_enabled=&#8221;off&#8221; button_one_border_radius__hover_enabled=&#8221;off&#8221; button_two_border_radius__hover_enabled=&#8221;off&#8221; button_letter_spacing__hover_enabled=&#8221;off&#8221; button_one_letter_spacing__hover_enabled=&#8221;off&#8221; button_two_letter_spacing__hover_enabled=&#8221;off&#8221; button_bg_color__hover_enabled=&#8221;off&#8221; button_one_bg_color__hover_enabled=&#8221;off&#8221; button_two_bg_color__hover_enabled=&#8221;off&#8221;][\/et_pb_contact_field][\/et_pb_contact_form][\/et_pb_column][\/et_pb_row][\/et_pb_section]<\/p>\n","protected":false},"excerpt":{"rendered":"<div class=\"et_pb_with_border et_pb_module difl_advanced_person difl_advanced_person_0\">\n\t\t\t\t\n\t\t\t\t\n\t\t\t\t\n\t\t\t\t\n\t\t\t\t\n\t\t\t\t\n\t\t\t\t<div class=\"et_pb_module_inner\">\n\t\t\t\t\t<div class=\"df_ap_person_container df_ap_default_style\"> <div class=\"df_ap_person_wrapper no-image-scale\">\n                                    <div class=\"df_person_photo_wrapper\">\n                                    <div class=\"c4-izmir\">\n                                        \n                                        <div class=\"df_person_photo\">\n                                            <img decoding=\"async\" class=\"person_photo\" src=\"https:\/\/marabi.ee\/wp-content\/uploads\/2025\/05\/raivo.png\" alt=\"\" \/>\n                                        <\/div>\n                                        <figcaption class=\"df_ap_person_content\"><\/figcaption>\n                                    <\/div>\n                                <\/div>\n                                    <div class=\"df_ap_person_desc_wrapper\">\n                                        <div class=\"df_person_details\">\n                                            <h4  class=\"df_person_name\">Raivo N\u00f5mmemees<\/h4>\n                                            <h5  class=\"df_person_role\">\u0420\u0443\u043a\u043e\u0432\u043e\u0434\u0438\u0442\u0435\u043b\u044c \u043f\u043e \u043f\u0440\u043e\u0434\u0430\u0436\u0430\u043c<\/h5>\n                                            \n                                        <\/div>\n                                        <div class=\"df_person_socail_wrapper\">\n                                \n                                \n                                \n                                \n                                \n                                <a href=\"mailto:info@marabi.eu\" class=\"df_person_social_icon email\" target=\"_blank\" df-tooltip=\"Email\" title=\"\" aria-expanded=\"false\">\n            <span class=\"et-pb-icon socail_icon\">&#xe076;<\/span>\n        <\/a>\n                                <a href=\"tel:+372 552 5322\" class=\"df_person_social_icon phone\" target=\"_blank\" df-tooltip=\"Phone\" title=\"\" aria-expanded=\"false\">\n            <span class=\"et-pb-icon socail_icon\">&#xe090;<\/span>\n        <\/a>             \n                            <\/div>\n                                    <\/div>\n                                <\/div><\/div>\n\t\t\t\t<\/div>\n\t\t\t<\/div>","protected":false},"author":2,"featured_media":0,"parent":0,"menu_order":0,"comment_status":"closed","ping_status":"closed","template":"","meta":{"_et_pb_use_builder":"on","_et_pb_old_content":"","_et_gb_content_width":"","_monsterinsights_skip_tracking":false,"_monsterinsights_sitenote_active":false,"_monsterinsights_sitenote_note":"","_monsterinsights_sitenote_category":0,"footnotes":""},"difl_page_category":[],"class_list":["post-14","page","type-page","status-publish","hentry"],"yoast_head":"<!-- This site is optimized with the Yoast SEO Premium plugin v26.7 (Yoast SEO v27.2) - https:\/\/yoast.com\/product\/yoast-seo-premium-wordpress\/ -->\n<title>Marabi - V\u00f5ta meiega \u00fchendust!<\/title>\n<meta name=\"description\" content=\"V\u00f5ta meiega \u00fchendust parimate k\u00fcttepuude saamiseks Ida-Virumaal! Vali endale sobiv k\u00fcttepuu. Oleme kontakt, et muuta Sinu kodu soojaks!\" \/>\n<meta name=\"robots\" content=\"index, follow, max-snippet:-1, max-image-preview:large, max-video-preview:-1\" \/>\n<link rel=\"canonical\" href=\"https:\/\/marabi.ee\/ru\/kontakt\/\" \/>\n<meta property=\"og:locale\" content=\"ru_RU\" \/>\n<meta property=\"og:type\" content=\"article\" \/>\n<meta property=\"og:title\" content=\"Kontakt\" \/>\n<meta property=\"og:description\" content=\"V\u00f5ta meiega \u00fchendust parimate k\u00fcttepuude saamiseks Ida-Virumaal! Vali endale sobiv k\u00fcttepuu. Oleme kontakt, et muuta Sinu kodu soojaks!\" \/>\n<meta property=\"og:url\" content=\"https:\/\/marabi.ee\/ru\/kontakt\/\" \/>\n<meta property=\"og:site_name\" content=\"Marabi\" \/>\n<meta property=\"article:publisher\" content=\"https:\/\/facebook.com\/marabi.ee\" \/>\n<meta property=\"article:modified_time\" content=\"2026-02-02T19:39:55+00:00\" \/>\n<meta property=\"og:image\" content=\"https:\/\/marabi.ee\/wp-content\/uploads\/2024\/02\/cropped-marabi_logo.png\" \/>\n\t<meta property=\"og:image:width\" content=\"512\" \/>\n\t<meta property=\"og:image:height\" content=\"512\" \/>\n\t<meta property=\"og:image:type\" content=\"image\/png\" \/>\n<meta name=\"twitter:card\" content=\"summary_large_image\" \/>\n<meta name=\"twitter:label1\" content=\"\u041f\u0440\u0438\u043c\u0435\u0440\u043d\u043e\u0435 \u0432\u0440\u0435\u043c\u044f \u0434\u043b\u044f \u0447\u0442\u0435\u043d\u0438\u044f\" \/>\n\t<meta name=\"twitter:data1\" content=\"1 \u043c\u0438\u043d\u0443\u0442\u0430\" \/>\n<script type=\"application\/ld+json\" class=\"yoast-schema-graph\">{\"@context\":\"https:\/\/schema.org\",\"@graph\":[{\"@type\":\"WebPage\",\"@id\":\"https:\/\/marabi.ee\/kontakt\/\",\"url\":\"https:\/\/marabi.ee\/kontakt\/\",\"name\":\"Marabi - V\u00f5ta meiega \u00fchendust!\",\"isPartOf\":{\"@id\":\"https:\/\/marabi.ee\/#website\"},\"datePublished\":\"2024-01-21T18:15:53+00:00\",\"dateModified\":\"2026-02-02T19:39:55+00:00\",\"description\":\"V\u00f5ta meiega \u00fchendust parimate k\u00fcttepuude saamiseks Ida-Virumaal! Vali endale sobiv k\u00fcttepuu. Oleme kontakt, et muuta Sinu kodu soojaks!\",\"breadcrumb\":{\"@id\":\"https:\/\/marabi.ee\/kontakt\/#breadcrumb\"},\"inLanguage\":\"ru-RU\",\"potentialAction\":[{\"@type\":\"ReadAction\",\"target\":[\"https:\/\/marabi.ee\/kontakt\/\"]}]},{\"@type\":\"BreadcrumbList\",\"@id\":\"https:\/\/marabi.ee\/kontakt\/#breadcrumb\",\"itemListElement\":[{\"@type\":\"ListItem\",\"position\":1,\"name\":\"Avaleht\",\"item\":\"https:\/\/marabi.ee\/\"},{\"@type\":\"ListItem\",\"position\":2,\"name\":\"Kontakt\"}]},{\"@type\":\"WebSite\",\"@id\":\"https:\/\/marabi.ee\/#website\",\"url\":\"https:\/\/marabi.ee\/\",\"name\":\"Marabi.ee\",\"description\":\"Kvaliteetsed k\u00fcttepuud parima hinnaga!\",\"publisher\":{\"@id\":\"https:\/\/marabi.ee\/#organization\"},\"alternateName\":\"Marabi\",\"potentialAction\":[{\"@type\":\"SearchAction\",\"target\":{\"@type\":\"EntryPoint\",\"urlTemplate\":\"https:\/\/marabi.ee\/?s={search_term_string}\"},\"query-input\":{\"@type\":\"PropertyValueSpecification\",\"valueRequired\":true,\"valueName\":\"search_term_string\"}}],\"inLanguage\":\"ru-RU\"},{\"@type\":\"Organization\",\"@id\":\"https:\/\/marabi.ee\/#organization\",\"name\":\"Marabi O\u00dc\",\"url\":\"https:\/\/marabi.ee\/\",\"logo\":{\"@type\":\"ImageObject\",\"inLanguage\":\"ru-RU\",\"@id\":\"https:\/\/marabi.ee\/#\/schema\/logo\/image\/\",\"url\":\"https:\/\/marabi.ee\/wp-content\/uploads\/2024\/02\/cropped-marabi_logo.png\",\"contentUrl\":\"https:\/\/marabi.ee\/wp-content\/uploads\/2024\/02\/cropped-marabi_logo.png\",\"width\":512,\"height\":512,\"caption\":\"Marabi O\u00dc\"},\"image\":{\"@id\":\"https:\/\/marabi.ee\/#\/schema\/logo\/image\/\"},\"sameAs\":[\"https:\/\/facebook.com\/marabi.ee\"]}]}<\/script>\n<!-- \/ Yoast SEO Premium plugin. -->","yoast_head_json":{"title":"Marabi - V\u00f5ta meiega \u00fchendust!","description":"V\u00f5ta meiega \u00fchendust parimate k\u00fcttepuude saamiseks Ida-Virumaal! Vali endale sobiv k\u00fcttepuu. Oleme kontakt, et muuta Sinu kodu soojaks!","robots":{"index":"index","follow":"follow","max-snippet":"max-snippet:-1","max-image-preview":"max-image-preview:large","max-video-preview":"max-video-preview:-1"},"canonical":"https:\/\/marabi.ee\/ru\/kontakt\/","og_locale":"ru_RU","og_type":"article","og_title":"Kontakt","og_description":"V\u00f5ta meiega \u00fchendust parimate k\u00fcttepuude saamiseks Ida-Virumaal! Vali endale sobiv k\u00fcttepuu. Oleme kontakt, et muuta Sinu kodu soojaks!","og_url":"https:\/\/marabi.ee\/ru\/kontakt\/","og_site_name":"Marabi","article_publisher":"https:\/\/facebook.com\/marabi.ee","article_modified_time":"2026-02-02T19:39:55+00:00","og_image":[{"width":512,"height":512,"url":"https:\/\/marabi.ee\/wp-content\/uploads\/2024\/02\/cropped-marabi_logo.png","type":"image\/png"}],"twitter_card":"summary_large_image","twitter_misc":{"\u041f\u0440\u0438\u043c\u0435\u0440\u043d\u043e\u0435 \u0432\u0440\u0435\u043c\u044f \u0434\u043b\u044f \u0447\u0442\u0435\u043d\u0438\u044f":"1 \u043c\u0438\u043d\u0443\u0442\u0430"},"schema":{"@context":"https:\/\/schema.org","@graph":[{"@type":"WebPage","@id":"https:\/\/marabi.ee\/kontakt\/","url":"https:\/\/marabi.ee\/kontakt\/","name":"Marabi - V\u00f5ta meiega \u00fchendust!","isPartOf":{"@id":"https:\/\/marabi.ee\/#website"},"datePublished":"2024-01-21T18:15:53+00:00","dateModified":"2026-02-02T19:39:55+00:00","description":"V\u00f5ta meiega \u00fchendust parimate k\u00fcttepuude saamiseks Ida-Virumaal! Vali endale sobiv k\u00fcttepuu. Oleme kontakt, et muuta Sinu kodu soojaks!","breadcrumb":{"@id":"https:\/\/marabi.ee\/kontakt\/#breadcrumb"},"inLanguage":"ru-RU","potentialAction":[{"@type":"ReadAction","target":["https:\/\/marabi.ee\/kontakt\/"]}]},{"@type":"BreadcrumbList","@id":"https:\/\/marabi.ee\/kontakt\/#breadcrumb","itemListElement":[{"@type":"ListItem","position":1,"name":"Avaleht","item":"https:\/\/marabi.ee\/"},{"@type":"ListItem","position":2,"name":"Kontakt"}]},{"@type":"WebSite","@id":"https:\/\/marabi.ee\/#website","url":"https:\/\/marabi.ee\/","name":"Marabi.ee","description":"\u041a\u0430\u0447\u0435\u0441\u0442\u0432\u0435\u043d\u043d\u044b\u0435 \u0434\u0440\u043e\u0432\u0430 \u043f\u043e \u043b\u0443\u0447\u0448\u0435\u0439 \u0446\u0435\u043d\u0435!","publisher":{"@id":"https:\/\/marabi.ee\/#organization"},"alternateName":"Marabi","potentialAction":[{"@type":"SearchAction","target":{"@type":"EntryPoint","urlTemplate":"https:\/\/marabi.ee\/?s={search_term_string}"},"query-input":{"@type":"PropertyValueSpecification","valueRequired":true,"valueName":"search_term_string"}}],"inLanguage":"ru-RU"},{"@type":"Organization","@id":"https:\/\/marabi.ee\/#organization","name":"Marabi O\u00dc","url":"https:\/\/marabi.ee\/","logo":{"@type":"ImageObject","inLanguage":"ru-RU","@id":"https:\/\/marabi.ee\/#\/schema\/logo\/image\/","url":"https:\/\/marabi.ee\/wp-content\/uploads\/2024\/02\/cropped-marabi_logo.png","contentUrl":"https:\/\/marabi.ee\/wp-content\/uploads\/2024\/02\/cropped-marabi_logo.png","width":512,"height":512,"caption":"Marabi O\u00dc"},"image":{"@id":"https:\/\/marabi.ee\/#\/schema\/logo\/image\/"},"sameAs":["https:\/\/facebook.com\/marabi.ee"]}]}},"_links":{"self":[{"href":"https:\/\/marabi.ee\/ru\/wp-json\/wp\/v2\/pages\/14","targetHints":{"allow":["GET"]}}],"collection":[{"href":"https:\/\/marabi.ee\/ru\/wp-json\/wp\/v2\/pages"}],"about":[{"href":"https:\/\/marabi.ee\/ru\/wp-json\/wp\/v2\/types\/page"}],"author":[{"embeddable":true,"href":"https:\/\/marabi.ee\/ru\/wp-json\/wp\/v2\/users\/2"}],"replies":[{"embeddable":true,"href":"https:\/\/marabi.ee\/ru\/wp-json\/wp\/v2\/comments?post=14"}],"version-history":[{"count":17,"href":"https:\/\/marabi.ee\/ru\/wp-json\/wp\/v2\/pages\/14\/revisions"}],"predecessor-version":[{"id":283003,"href":"https:\/\/marabi.ee\/ru\/wp-json\/wp\/v2\/pages\/14\/revisions\/283003"}],"wp:attachment":[{"href":"https:\/\/marabi.ee\/ru\/wp-json\/wp\/v2\/media?parent=14"}],"wp:term":[{"taxonomy":"difl_page_category","embeddable":true,"href":"https:\/\/marabi.ee\/ru\/wp-json\/wp\/v2\/difl_page_category?post=14"}],"curies":[{"name":"wp","href":"https:\/\/api.w.org\/{rel}","templated":true}]}}