{"id":1624,"date":"2024-11-05T20:08:58","date_gmt":"2024-11-05T18:08:58","guid":{"rendered":"https:\/\/www.marabi.ee\/?page_id=1624"},"modified":"2025-06-04T19:56:10","modified_gmt":"2025-06-04T16:56:10","slug":"projektid","status":"publish","type":"page","link":"https:\/\/marabi.ee\/ru\/projektid\/","title":{"rendered":"\u041f\u0440\u043e\u0435\u043a\u0442\u044b"},"content":{"rendered":"<p>[et_pb_section fb_built=&#8221;1&#8243; admin_label=&#8221;Testimonials&#8221; _builder_version=&#8221;4.27.4&#8243; _module_preset=&#8221;default&#8221; background_color=&#8221;gcid-369d6a5c-948a-46a7-83c8-2ed935036bdf&#8221; background_enable_mask_style=&#8221;on&#8221; background_mask_style=&#8221;diagonal&#8221; background_mask_color=&#8221;rgba(193,139,92,0.2)&#8221; background_mask_transform=&#8221;invert|flip_horizontal|flip_vertical&#8221; custom_padding=&#8221;4vw||2vw||false|false&#8221; bottom_divider_color=&#8221;rgba(59,84,68,0.8)&#8221; bottom_divider_height=&#8221;400px&#8221; bottom_divider_flip=&#8221;vertical&#8221; locked=&#8221;off&#8221; collapsed=&#8221;on&#8221; global_colors_info=&#8221;{%22gcid-369d6a5c-948a-46a7-83c8-2ed935036bdf%22:%91%22background_color%22%93}&#8221;][et_pb_row custom_padding_last_edited=&#8221;on|phone&#8221; _builder_version=&#8221;4.27.4&#8243; _module_preset=&#8221;default&#8221; background_enable_color=&#8221;off&#8221; use_background_color_gradient=&#8221;on&#8221; background_color_gradient_direction=&#8221;130deg&#8221; background_color_gradient_stops=&#8221;rgba(10,10,10,0.3) 16%|rgba(132,91,62,0.76) 99%&#8221; background_color_gradient_overlays_image=&#8221;on&#8221; background_image=&#8221;https:\/\/marabi.ee\/wp-content\/uploads\/2025\/05\/marabi-taust-scaled-2.jpg&#8221; custom_margin=&#8221;||||false|false&#8221; custom_margin_tablet=&#8221;||||false|false&#8221; custom_margin_phone=&#8221;6vw||12vw||false|false&#8221; custom_margin_last_edited=&#8221;on|phone&#8221; custom_padding=&#8221;5vw||5vw||true|false&#8221; custom_padding_tablet=&#8221;5vw||5vw||true|false&#8221; custom_padding_phone=&#8221;6vw||6vw||true|false&#8221; border_radii=&#8221;on|50px|50px|50px|50px&#8221; saved_tabs=&#8221;all&#8221; locked=&#8221;off&#8221; global_colors_info=&#8221;{}&#8221;][et_pb_column type=&#8221;4_4&#8243; _builder_version=&#8221;4.27.4&#8243; _module_preset=&#8221;default&#8221; global_colors_info=&#8221;{}&#8221;][et_pb_post_title meta=&#8221;off&#8221; featured_image=&#8221;off&#8221; _builder_version=&#8221;4.27.4&#8243; _module_preset=&#8221;default&#8221; title_font=&#8221;Albert Sans|700|||||||&#8221; title_text_align=&#8221;center&#8221; title_text_color=&#8221;#FFFFFF&#8221; title_font_size=&#8221;50px&#8221; title_letter_spacing=&#8221;1px&#8221; custom_margin=&#8221;||||false|false&#8221; global_colors_info=&#8221;{}&#8221;][\/et_pb_post_title][\/et_pb_column][\/et_pb_row][\/et_pb_section][et_pb_section fb_built=&#8221;1&#8243; _builder_version=&#8221;4.27.4&#8243; _module_preset=&#8221;default&#8221; background_color=&#8221;#f9f6f5&#8243; background_enable_mask_style=&#8221;on&#8221; background_mask_style=&#8221;diagonal&#8221; background_mask_color=&#8221;rgba(193,139,92,0.2)&#8221; background_mask_transform=&#8221;invert&#8221; width_tablet=&#8221;80%&#8221; width_phone=&#8221;80%&#8221; width_last_edited=&#8221;on|tablet&#8221; module_alignment=&#8221;center&#8221; custom_margin=&#8221;4vw||||false|false&#8221; custom_padding=&#8221;0px||0px|||&#8221; hover_enabled=&#8221;0&#8243; locked=&#8221;off&#8221; global_colors_info=&#8221;{}&#8221; sticky_enabled=&#8221;0&#8243;][et_pb_row column_structure=&#8221;1_2,1_2&#8243; use_custom_gutter=&#8221;on&#8221; gutter_width=&#8221;4&#8243; _builder_version=&#8221;4.27.4&#8243; _module_preset=&#8221;default&#8221; width=&#8221;100%&#8221; custom_padding=&#8221;0px|||||&#8221; global_colors_info=&#8221;{}&#8221;][et_pb_column type=&#8221;1_2&#8243; admin_label=&#8221;Tekst&#8221; _builder_version=&#8221;4.27.4&#8243; _module_preset=&#8221;default&#8221; custom_padding=&#8221;0px||||false|false&#8221; custom_padding_tablet=&#8221;0px||||false|false&#8221; custom_padding_phone=&#8221;||||false|false&#8221; custom_padding_last_edited=&#8221;on|phone&#8221; global_colors_info=&#8221;{}&#8221;][et_pb_heading title=&#8221;Kaasrahastanud Euroopa Liit&#8221; _builder_version=&#8221;4.27.4&#8243; _module_preset=&#8221;_initial&#8221; title_level=&#8221;h4&#8243; title_font=&#8221;Inter|700||on|||||&#8221; title_text_color=&#8221;#C18B5C&#8221; title_font_size=&#8221;13px&#8221; title_letter_spacing=&#8221;2px&#8221; custom_margin=&#8221;||0px||false|false&#8221; title_font_size_tablet=&#8221;13px&#8221; title_font_size_phone=&#8221;12px&#8221; title_font_size_last_edited=&#8221;on|desktop&#8221; locked=&#8221;off&#8221; global_colors_info=&#8221;{}&#8221;][\/et_pb_heading][et_pb_heading title=&#8221;Amortiseerunud puidut\u00f5stuki asendamine kaasaegsema seadme vastu&#8221; _builder_version=&#8221;4.27.4&#8243; _module_preset=&#8221;_initial&#8221; title_level=&#8221;h2&#8243; title_font=&#8221;&#8211;et_global_heading_font|600|||||||&#8221; title_text_color=&#8221;#022620&#8243; title_letter_spacing=&#8221;1px&#8221; title_line_height=&#8221;1.3em&#8221; custom_margin=&#8221;||10px||false|false&#8221; title_font_size_tablet=&#8221;40px&#8221; title_font_size_phone=&#8221;22px&#8221; title_font_size_last_edited=&#8221;on|desktop&#8221; global_colors_info=&#8221;{}&#8221;][\/et_pb_heading][et_pb_text quote_border_color=&#8221;#2f4858&#8243; _builder_version=&#8221;4.27.4&#8243; _module_preset=&#8221;_initial&#8221; text_font=&#8221;Inter|600|||||||&#8221; text_text_color=&#8221;#022620&#8243; text_font_size=&#8221;16px&#8221; text_letter_spacing=&#8221;1px&#8221; text_line_height=&#8221;1.5em&#8221; link_text_color=&#8221;#b14d38&#8243; quote_font=&#8221;Sedan||||||||&#8221; quote_text_color=&#8221;#2f4858&#8243; quote_font_size=&#8221;24px&#8221; quote_line_height=&#8221;1.4em&#8221; header_font=&#8221;Sedan||||||||&#8221; header_font_size=&#8221;72px&#8221; header_line_height=&#8221;1.2em&#8221; header_2_font=&#8221;Sedan||||||||&#8221; header_2_font_size=&#8221;52px&#8221; header_2_line_height=&#8221;1.2em&#8221; header_3_font=&#8221;Sedan||||||||&#8221; header_3_font_size=&#8221;36px&#8221; header_3_line_height=&#8221;1.4em&#8221; header_4_font=&#8221;Sedan||||||||&#8221; header_4_font_size=&#8221;24px&#8221; header_4_line_height=&#8221;1.4em&#8221; header_5_font=&#8221;Sedan||||||||&#8221; header_5_font_size=&#8221;20px&#8221; header_5_line_height=&#8221;1.4em&#8221; header_6_font=&#8221;Inter|700|||||||&#8221; header_6_font_size=&#8221;16px&#8221; header_6_line_height=&#8221;1.4em&#8221; custom_margin=&#8221;||||false|false&#8221; custom_padding=&#8221;||||false|false&#8221; text_font_size_tablet=&#8221;15px&#8221; text_font_size_phone=&#8221;14px&#8221; text_font_size_last_edited=&#8221;on|phone&#8221; quote_font_size_tablet=&#8221;16px&#8221; quote_font_size_phone=&#8221;15px&#8221; quote_font_size_last_edited=&#8221;on|phone&#8221; header_font_size_tablet=&#8221;40px&#8221; header_font_size_phone=&#8221;24px&#8221; header_font_size_last_edited=&#8221;on|phone&#8221; header_2_font_size_tablet=&#8221;32px&#8221; header_2_font_size_phone=&#8221;20px&#8221; header_2_font_size_last_edited=&#8221;on|phone&#8221; header_3_font_size_tablet=&#8221;20px&#8221; header_3_font_size_phone=&#8221;18px&#8221; header_3_font_size_last_edited=&#8221;on|phone&#8221; header_4_font_size_tablet=&#8221;16px&#8221; header_4_font_size_phone=&#8221;15px&#8221; header_4_font_size_last_edited=&#8221;on|phone&#8221; header_5_font_size_tablet=&#8221;15px&#8221; header_5_font_size_phone=&#8221;14px&#8221; header_5_font_size_last_edited=&#8221;on|phone&#8221; header_6_font_size_tablet=&#8221;14px&#8221; header_6_font_size_phone=&#8221;14px&#8221; header_6_font_size_last_edited=&#8221;on|phone&#8221; global_colors_info=&#8221;{}&#8221;]<\/p>\n<p>Projektitoetust antakse Euroopa Liidu \u00fchise p\u00f5llumajanduspoliitika Eesti strateegiakava 2023-2027 maaelu arengu toetuse meetme A8.4.2, Registrite ja Informatsiooni Ameti (PRIA) ja kohaliku tegevusgrupi MT\u00dc Peipsi-Alutaguse Koost\u00f6\u00f6koja kaudu. Strateegia meede 1 \u2013Ettev\u00f5tlus. Taotlustoimik nr A8422400166<\/p>\n<p><strong><span style=\"color: #005341;\">Eesm\u00e4rk, sisu ja tulemus:<\/span>\u00a0<\/strong>Kaasaegne haagis-t\u00f5stuk muudab t\u00f6\u00f6protsessi efektiivsemaks, ohutumaks ja keskkonnas\u00f5bralikumaks.<\/p>\n<p><strong><span style=\"color: #005341;\">Projekti maksumus:<\/span>\u00a0<\/strong>20\u00a0356,05 eurot, millest toetuse osa on 10\u00a0178,02 eurot.<\/p>\n<p><span style=\"color: #005341;\"><strong>Projekti periood:<\/strong><\/span>\u00a0 16.05.2024\u00a0 \u2013 30.11.2024.<\/p>\n<p>[\/et_pb_text][\/et_pb_column][et_pb_column type=&#8221;1_2&#8243; admin_label=&#8221;EU pilt&#8221; _builder_version=&#8221;4.27.4&#8243; _module_preset=&#8221;default&#8221; custom_padding=&#8221;4vw||10vw||false|false&#8221; global_colors_info=&#8221;{}&#8221;][et_pb_image src=&#8221;https:\/\/marabi.ee\/wp-content\/uploads\/2024\/11\/kaasrahastanud.jpg&#8221; title_text=&#8221;kaasrahastanud&#8221; show_bottom_space=&#8221;off&#8221; align_tablet=&#8221;&#8221; align_phone=&#8221;&#8221; align_last_edited=&#8221;on|phone&#8221; _builder_version=&#8221;4.27.4&#8243; _module_preset=&#8221;default&#8221; background_enable_color=&#8221;off&#8221; z_index=&#8221;11&#8243; module_alignment=&#8221;left&#8221; custom_margin=&#8221;||||false|false&#8221; custom_padding=&#8221;|15%||15%|false|true&#8221; border_radii=&#8221;on|15px|15px|15px|15px&#8221; border_width_all=&#8221;16px&#8221; border_color_all=&#8221;#FFFFFF&#8221; box_shadow_style=&#8221;preset3&#8243; box_shadow_horizontal=&#8221;10px&#8221; box_shadow_vertical=&#8221;40px&#8221; box_shadow_blur=&#8221;40px&#8221; box_shadow_spread=&#8221;10px&#8221; box_shadow_color=&#8221;rgba(0,0,0,0.11)&#8221; global_colors_info=&#8221;{}&#8221; box_shadow_color__hover=&#8221;RGBA(255,255,255,0)&#8221; box_shadow_color__hover_enabled=&#8221;on|hover&#8221; transform_styles__hover_enabled=&#8221;on|hover&#8221; transform_scale__hover=&#8221;99%|99%&#8221; transform_scale__hover_enabled=&#8221;on|hover&#8221; transform_translate__hover_enabled=&#8221;on|hover&#8221; transform_rotate__hover_enabled=&#8221;on|hover&#8221; transform_skew__hover_enabled=&#8221;on|hover&#8221; transform_origin__hover_enabled=&#8221;on|hover&#8221;][\/et_pb_image][\/et_pb_column][\/et_pb_row][\/et_pb_section]<\/p>\n","protected":false},"excerpt":{"rendered":"<p>Projektitoetust antakse Euroopa Liidu \u00fchise p\u00f5llumajanduspoliitika Eesti strateegiakava 2023-2027 maaelu arengu toetuse meetme A8.4.2, Registrite ja Informatsiooni Ameti (PRIA) ja kohaliku tegevusgrupi MT\u00dc Peipsi-Alutaguse Koost\u00f6\u00f6koja kaudu. Strateegia meede 1 \u2013Ettev\u00f5tlus. Taotlustoimik nr A8422400166 Eesm\u00e4rk, sisu ja tulemus:\u00a0Kaasaegne haagis-t\u00f5stuk muudab t\u00f6\u00f6protsessi efektiivsemaks, ohutumaks ja keskkonnas\u00f5bralikumaks. Projekti maksumus:\u00a020\u00a0356,05 eurot, millest toetuse osa on 10\u00a0178,02 eurot. Projekti periood:\u00a0 [&hellip;]<\/p>\n","protected":false},"author":2,"featured_media":0,"parent":0,"menu_order":0,"comment_status":"closed","ping_status":"closed","template":"","meta":{"_et_pb_use_builder":"on","_et_pb_old_content":"","_et_gb_content_width":"","_monsterinsights_skip_tracking":false,"_monsterinsights_sitenote_active":false,"_monsterinsights_sitenote_note":"","_monsterinsights_sitenote_category":0,"footnotes":""},"difl_page_category":[],"class_list":["post-1624","page","type-page","status-publish","hentry"],"yoast_head":"<!-- This site is optimized with the Yoast SEO Premium plugin v26.7 (Yoast SEO v27.2) - https:\/\/yoast.com\/product\/yoast-seo-premium-wordpress\/ -->\n<title>Projektid | Kvaliteetsed k\u00fcttepuud parima hinnaga! %<\/title>\n<meta name=\"robots\" content=\"index, follow, max-snippet:-1, max-image-preview:large, max-video-preview:-1\" \/>\n<link rel=\"canonical\" href=\"https:\/\/marabi.ee\/ru\/projektid\/\" \/>\n<meta property=\"og:locale\" content=\"ru_RU\" \/>\n<meta property=\"og:type\" content=\"article\" \/>\n<meta property=\"og:title\" content=\"Projektid\" \/>\n<meta property=\"og:url\" content=\"https:\/\/marabi.ee\/ru\/projektid\/\" \/>\n<meta property=\"og:site_name\" content=\"Marabi\" \/>\n<meta property=\"article:publisher\" content=\"https:\/\/facebook.com\/marabi.ee\" \/>\n<meta property=\"article:modified_time\" content=\"2025-06-04T16:56:10+00:00\" \/>\n<meta property=\"og:image\" content=\"https:\/\/marabi.ee\/wp-content\/uploads\/2024\/02\/cropped-marabi_logo.png\" \/>\n\t<meta property=\"og:image:width\" content=\"512\" \/>\n\t<meta property=\"og:image:height\" content=\"512\" \/>\n\t<meta property=\"og:image:type\" content=\"image\/png\" \/>\n<meta name=\"twitter:card\" content=\"summary_large_image\" \/>\n<meta name=\"twitter:label1\" content=\"\u041f\u0440\u0438\u043c\u0435\u0440\u043d\u043e\u0435 \u0432\u0440\u0435\u043c\u044f \u0434\u043b\u044f \u0447\u0442\u0435\u043d\u0438\u044f\" \/>\n\t<meta name=\"twitter:data1\" content=\"1 \u043c\u0438\u043d\u0443\u0442\u0430\" \/>\n<script type=\"application\/ld+json\" class=\"yoast-schema-graph\">{\"@context\":\"https:\/\/schema.org\",\"@graph\":[{\"@type\":\"WebPage\",\"@id\":\"https:\/\/marabi.ee\/projektid\/\",\"url\":\"https:\/\/marabi.ee\/projektid\/\",\"name\":\"Projektid | Kvaliteetsed k\u00fcttepuud parima hinnaga! %\",\"isPartOf\":{\"@id\":\"https:\/\/marabi.ee\/#website\"},\"datePublished\":\"2024-11-05T18:08:58+00:00\",\"dateModified\":\"2025-06-04T16:56:10+00:00\",\"breadcrumb\":{\"@id\":\"https:\/\/marabi.ee\/projektid\/#breadcrumb\"},\"inLanguage\":\"ru-RU\",\"potentialAction\":[{\"@type\":\"ReadAction\",\"target\":[\"https:\/\/marabi.ee\/projektid\/\"]}]},{\"@type\":\"BreadcrumbList\",\"@id\":\"https:\/\/marabi.ee\/projektid\/#breadcrumb\",\"itemListElement\":[{\"@type\":\"ListItem\",\"position\":1,\"name\":\"Avaleht\",\"item\":\"https:\/\/marabi.ee\/\"},{\"@type\":\"ListItem\",\"position\":2,\"name\":\"Projektid\"}]},{\"@type\":\"WebSite\",\"@id\":\"https:\/\/marabi.ee\/#website\",\"url\":\"https:\/\/marabi.ee\/\",\"name\":\"Marabi.ee\",\"description\":\"Kvaliteetsed k\u00fcttepuud parima hinnaga!\",\"publisher\":{\"@id\":\"https:\/\/marabi.ee\/#organization\"},\"alternateName\":\"Marabi\",\"potentialAction\":[{\"@type\":\"SearchAction\",\"target\":{\"@type\":\"EntryPoint\",\"urlTemplate\":\"https:\/\/marabi.ee\/?s={search_term_string}\"},\"query-input\":{\"@type\":\"PropertyValueSpecification\",\"valueRequired\":true,\"valueName\":\"search_term_string\"}}],\"inLanguage\":\"ru-RU\"},{\"@type\":\"Organization\",\"@id\":\"https:\/\/marabi.ee\/#organization\",\"name\":\"Marabi O\u00dc\",\"url\":\"https:\/\/marabi.ee\/\",\"logo\":{\"@type\":\"ImageObject\",\"inLanguage\":\"ru-RU\",\"@id\":\"https:\/\/marabi.ee\/#\/schema\/logo\/image\/\",\"url\":\"https:\/\/marabi.ee\/wp-content\/uploads\/2024\/02\/cropped-marabi_logo.png\",\"contentUrl\":\"https:\/\/marabi.ee\/wp-content\/uploads\/2024\/02\/cropped-marabi_logo.png\",\"width\":512,\"height\":512,\"caption\":\"Marabi O\u00dc\"},\"image\":{\"@id\":\"https:\/\/marabi.ee\/#\/schema\/logo\/image\/\"},\"sameAs\":[\"https:\/\/facebook.com\/marabi.ee\"]}]}<\/script>\n<!-- \/ Yoast SEO Premium plugin. -->","yoast_head_json":{"title":"Projektid | Kvaliteetsed k\u00fcttepuud parima hinnaga! %","robots":{"index":"index","follow":"follow","max-snippet":"max-snippet:-1","max-image-preview":"max-image-preview:large","max-video-preview":"max-video-preview:-1"},"canonical":"https:\/\/marabi.ee\/ru\/projektid\/","og_locale":"ru_RU","og_type":"article","og_title":"Projektid","og_url":"https:\/\/marabi.ee\/ru\/projektid\/","og_site_name":"Marabi","article_publisher":"https:\/\/facebook.com\/marabi.ee","article_modified_time":"2025-06-04T16:56:10+00:00","og_image":[{"width":512,"height":512,"url":"https:\/\/marabi.ee\/wp-content\/uploads\/2024\/02\/cropped-marabi_logo.png","type":"image\/png"}],"twitter_card":"summary_large_image","twitter_misc":{"\u041f\u0440\u0438\u043c\u0435\u0440\u043d\u043e\u0435 \u0432\u0440\u0435\u043c\u044f \u0434\u043b\u044f \u0447\u0442\u0435\u043d\u0438\u044f":"1 \u043c\u0438\u043d\u0443\u0442\u0430"},"schema":{"@context":"https:\/\/schema.org","@graph":[{"@type":"WebPage","@id":"https:\/\/marabi.ee\/projektid\/","url":"https:\/\/marabi.ee\/projektid\/","name":"Projektid | Kvaliteetsed k\u00fcttepuud parima hinnaga! %","isPartOf":{"@id":"https:\/\/marabi.ee\/#website"},"datePublished":"2024-11-05T18:08:58+00:00","dateModified":"2025-06-04T16:56:10+00:00","breadcrumb":{"@id":"https:\/\/marabi.ee\/projektid\/#breadcrumb"},"inLanguage":"ru-RU","potentialAction":[{"@type":"ReadAction","target":["https:\/\/marabi.ee\/projektid\/"]}]},{"@type":"BreadcrumbList","@id":"https:\/\/marabi.ee\/projektid\/#breadcrumb","itemListElement":[{"@type":"ListItem","position":1,"name":"Avaleht","item":"https:\/\/marabi.ee\/"},{"@type":"ListItem","position":2,"name":"Projektid"}]},{"@type":"WebSite","@id":"https:\/\/marabi.ee\/#website","url":"https:\/\/marabi.ee\/","name":"Marabi.ee","description":"\u041a\u0430\u0447\u0435\u0441\u0442\u0432\u0435\u043d\u043d\u044b\u0435 \u0434\u0440\u043e\u0432\u0430 \u043f\u043e \u043b\u0443\u0447\u0448\u0435\u0439 \u0446\u0435\u043d\u0435!","publisher":{"@id":"https:\/\/marabi.ee\/#organization"},"alternateName":"Marabi","potentialAction":[{"@type":"SearchAction","target":{"@type":"EntryPoint","urlTemplate":"https:\/\/marabi.ee\/?s={search_term_string}"},"query-input":{"@type":"PropertyValueSpecification","valueRequired":true,"valueName":"search_term_string"}}],"inLanguage":"ru-RU"},{"@type":"Organization","@id":"https:\/\/marabi.ee\/#organization","name":"Marabi O\u00dc","url":"https:\/\/marabi.ee\/","logo":{"@type":"ImageObject","inLanguage":"ru-RU","@id":"https:\/\/marabi.ee\/#\/schema\/logo\/image\/","url":"https:\/\/marabi.ee\/wp-content\/uploads\/2024\/02\/cropped-marabi_logo.png","contentUrl":"https:\/\/marabi.ee\/wp-content\/uploads\/2024\/02\/cropped-marabi_logo.png","width":512,"height":512,"caption":"Marabi O\u00dc"},"image":{"@id":"https:\/\/marabi.ee\/#\/schema\/logo\/image\/"},"sameAs":["https:\/\/facebook.com\/marabi.ee"]}]}},"_links":{"self":[{"href":"https:\/\/marabi.ee\/ru\/wp-json\/wp\/v2\/pages\/1624","targetHints":{"allow":["GET"]}}],"collection":[{"href":"https:\/\/marabi.ee\/ru\/wp-json\/wp\/v2\/pages"}],"about":[{"href":"https:\/\/marabi.ee\/ru\/wp-json\/wp\/v2\/types\/page"}],"author":[{"embeddable":true,"href":"https:\/\/marabi.ee\/ru\/wp-json\/wp\/v2\/users\/2"}],"replies":[{"embeddable":true,"href":"https:\/\/marabi.ee\/ru\/wp-json\/wp\/v2\/comments?post=1624"}],"version-history":[{"count":4,"href":"https:\/\/marabi.ee\/ru\/wp-json\/wp\/v2\/pages\/1624\/revisions"}],"predecessor-version":[{"id":282813,"href":"https:\/\/marabi.ee\/ru\/wp-json\/wp\/v2\/pages\/1624\/revisions\/282813"}],"wp:attachment":[{"href":"https:\/\/marabi.ee\/ru\/wp-json\/wp\/v2\/media?parent=1624"}],"wp:term":[{"taxonomy":"difl_page_category","embeddable":true,"href":"https:\/\/marabi.ee\/ru\/wp-json\/wp\/v2\/difl_page_category?post=1624"}],"curies":[{"name":"wp","href":"https:\/\/api.w.org\/{rel}","templated":true}]}}