{"id":155,"date":"2024-01-21T22:25:47","date_gmt":"2024-01-21T22:25:47","guid":{"rendered":"https:\/\/marabi.ee\/?post_type=product&#038;p=155"},"modified":"2025-06-17T00:01:55","modified_gmt":"2025-06-16T21:01:55","slug":"segapuu","status":"publish","type":"product","link":"https:\/\/marabi.ee\/ru\/product\/segapuu\/","title":{"rendered":"\u0421\u044b\u0440\u044b\u0435 \u0434\u0440\u043e\u0432\u0430 (\u0441\u044b\u0440\u0430\u044f)"},"content":{"rendered":"<p>[et_pb_section fb_built=&#8221;1&#8243; admin_label=&#8221;Product&#8221; _builder_version=&#8221;4.24.0&#8243; _module_preset=&#8221;default&#8221; background_color=&#8221;#f9f6f5&#8243; custom_padding=&#8221;30px|||||&#8221; collapsed=&#8221;off&#8221; global_colors_info=&#8221;{}&#8221;][et_pb_row _builder_version=&#8221;4.22.0&#8243; _module_preset=&#8221;default&#8221; custom_padding=&#8221;0px||0px||true|false&#8221; global_colors_info=&#8221;{}&#8221;][et_pb_column type=&#8221;4_4&#8243; _builder_version=&#8221;4.22.0&#8243; _module_preset=&#8221;default&#8221; global_colors_info=&#8221;{}&#8221;][et_pb_wc_cart_notice required_field_indicator_color=&#8221;gcid-bfa7fe62-254b-41c2-9e7c-1655cf29ea48&#8243; placeholder_color=&#8221;gcid-28ee6c14-4dda-4188-8b60-5d7790f11e4d&#8221; _builder_version=&#8221;4.24.0&#8243; _module_preset=&#8221;default&#8221; form_field_background_color=&#8221;RGBA(255,255,255,0)&#8221; form_field_text_color=&#8221;#000000&#8243; form_field_custom_padding=&#8221;12px|24px|12px|24px|true|true&#8221; form_custom_padding=&#8221;0px|0px|0px|0px|true|true&#8221; title_font=&#8221;Bayon|||on|||||&#8221; title_text_color=&#8221;#85451A&#8221; title_line_height=&#8221;1.4em&#8221; title_link_text_color=&#8221;gcid-bfa7fe62-254b-41c2-9e7c-1655cf29ea48&#8243; error_font_size=&#8221;16px&#8221; content_font_size=&#8221;10px&#8221; link_text_color=&#8221;gcid-bfa7fe62-254b-41c2-9e7c-1655cf29ea48&#8243; field_label_font_size=&#8221;15px&#8221; form_field_font=&#8221;Inter||||||||&#8221; form_field_font_size=&#8221;16px&#8221; background_color=&#8221;RGBA(255,255,255,0)&#8221; custom_button=&#8221;on&#8221; button_text_size=&#8221;15px&#8221; button_text_color=&#8221;#FFFFFF&#8221; button_bg_color=&#8221;#005341&#8243; button_border_width=&#8221;0px&#8221; button_border_radius=&#8221;100px&#8221; button_letter_spacing=&#8221;0.2em&#8221; button_font=&#8221;Inter|700||on|||||&#8221; button_custom_margin=&#8221;-10px||5px||false|false&#8221; button_custom_padding=&#8221;10px|40px|10px|40px|true|true&#8221; width=&#8221;100%&#8221; max_width=&#8221;100%&#8221; min_height=&#8221;64.8px&#8221; custom_margin=&#8221;1em|0em|2em|0em|false|false&#8221; custom_padding=&#8221;15px|15px|0px|15px|false|false&#8221; title_font_size_tablet=&#8221;16px&#8221; title_font_size_phone=&#8221;15px&#8221; title_font_size_last_edited=&#8221;on|desktop&#8221; error_font_size_tablet=&#8221;16px&#8221; error_font_size_phone=&#8221;16px&#8221; error_font_size_last_edited=&#8221;on|desktop&#8221; content_font_size_tablet=&#8221;15px&#8221; content_font_size_phone=&#8221;14px&#8221; content_font_size_last_edited=&#8221;on|desktop&#8221; form_field_font_size_tablet=&#8221;15px&#8221; form_field_font_size_phone=&#8221;14px&#8221; form_field_font_size_last_edited=&#8221;on|desktop&#8221; border_radii=&#8221;on|25px|25px|25px|25px&#8221; border_width_all_form_field=&#8221;2px&#8221; border_color_all_form_field=&#8221;gcid-28ee6c14-4dda-4188-8b60-5d7790f11e4d&#8221; border_radii_form=&#8221;on|0px|0px|0px|0px&#8221; border_width_all_form=&#8221;0px&#8221; body_font=&#8221;Inter||||||||&#8221; body_font_size=&#8221;16px&#8221; body_font_size_last_edited=&#8221;on|desktop&#8221; body_font_size_tablet=&#8221;15px&#8221; body_font_size_phone=&#8221;14px&#8221; body_line_height=&#8221;1.8em&#8221; global_colors_info=&#8221;{%22gcid-bfa7fe62-254b-41c2-9e7c-1655cf29ea48%22:%91%22title_link_text_color%22,%22required_field_indicator_color%22,%22link_text_color%22,%22title_link_text_color%22,%22required_field_indicator_color%22,%22link_text_color%22%93,%22gcid-28ee6c14-4dda-4188-8b60-5d7790f11e4d%22:%91%22placeholder_color%22,%22border_color_all_form_field%22,%22placeholder_color%22,%22border_color_all_form_field%22%93,%22gcid-28366106-ecf8-496b-97f0-6a9be6882356%22:%91%22background_color%22%93}&#8221;][\/et_pb_wc_cart_notice][\/et_pb_column][\/et_pb_row][et_pb_row column_structure=&#8221;1_2,1_2&#8243; _builder_version=&#8221;4.22.0&#8243; _module_preset=&#8221;default&#8221; global_colors_info=&#8221;{}&#8221;][et_pb_column type=&#8221;1_2&#8243; _builder_version=&#8221;4.22.0&#8243; _module_preset=&#8221;default&#8221; global_colors_info=&#8221;{}&#8221;][et_pb_wc_images sale_badge_color=&#8221;gcid-bfa7fe62-254b-41c2-9e7c-1655cf29ea48&#8243; _builder_version=&#8221;4.24.0&#8243; _module_preset=&#8221;default&#8221; sale_badge_font=&#8221;Inter|700||on|||||&#8221; sale_badge_text_color=&#8221;#000000&#8243; sale_badge_font_size=&#8221;14px&#8221; sale_badge_letter_spacing=&#8221;1px&#8221; height=&#8221;100%&#8221; global_colors_info=&#8221;{%22gcid-bfa7fe62-254b-41c2-9e7c-1655cf29ea48%22:%91%22price_text_color%22,%22icon_hover_color%22,%22rating_text_color%22,%22sale_badge_color%22%93}&#8221;][\/et_pb_wc_images][\/et_pb_column][et_pb_column type=&#8221;1_2&#8243; _builder_version=&#8221;4.22.0&#8243; _module_preset=&#8221;default&#8221; global_colors_info=&#8221;{}&#8221;][et_pb_wc_breadcrumb product=&#8221;150&#8243; breadcrumb_home_text=&#8221;AVALEHT&#8221; _builder_version=&#8221;4.24.0&#8243; _module_preset=&#8221;default&#8221; body_font=&#8221;Inter|700||on|||||&#8221; body_text_color=&#8221;gcid-28366106-ecf8-496b-97f0-6a9be6882356&#8243; body_font_size=&#8221;14px&#8221; body_letter_spacing=&#8221;1px&#8221; custom_margin=&#8221;||10px||false|false&#8221; global_colors_info=&#8221;{%22gcid-28366106-ecf8-496b-97f0-6a9be6882356%22:%91%22body_text_color%22%93}&#8221;][\/et_pb_wc_breadcrumb][et_pb_wc_title _builder_version=&#8221;4.24.0&#8243; _module_preset=&#8221;default&#8221; header_font=&#8221;Bayon||||||||&#8221; header_font_size=&#8221;60px&#8221; header_line_height=&#8221;0.9em&#8221; custom_margin=&#8221;||||false|false&#8221; header_font_size_tablet=&#8221;40px&#8221; header_font_size_phone=&#8221;24px&#8221; header_font_size_last_edited=&#8221;on|desktop&#8221; global_colors_info=&#8221;{}&#8221;][\/et_pb_wc_title][et_pb_wc_price _builder_version=&#8221;4.24.2&#8243; _module_preset=&#8221;default&#8221; body_font=&#8221;Bayon|||on|||||&#8221; body_text_color=&#8221;#005341&#8243; body_font_size=&#8221;52px&#8221; global_colors_info=&#8221;{}&#8221; body_letter_spacing__hover_enabled=&#8221;on|desktop&#8221;][\/et_pb_wc_price][et_pb_wc_add_to_cart show_stock=&#8221;off&#8221; _builder_version=&#8221;4.24.0&#8243; _module_preset=&#8221;default&#8221; fields_background_color=&#8221;rgba(152,160,148,0.16)&#8221; fields_text_color=&#8221;#005341&#8243; fields_custom_margin=&#8221;||||false|false&#8221; fields_custom_padding=&#8221;||16px||false|false&#8221; dropdown_menus_background_color=&#8221;rgba(152,160,148,0.16)&#8221; dropdown_menus_text_color=&#8221;#005341&#8243; dropdown_menus_custom_margin=&#8221;10px|||0px|false|false&#8221; field_label_font=&#8221;Bayon||||||||&#8221; field_label_text_color=&#8221;gcid-28366106-ecf8-496b-97f0-6a9be6882356&#8243; field_label_font_size=&#8221;24px&#8221; fields_font=&#8221;Cabin|700||on|||||&#8221; fields_text_align=&#8221;center&#8221; fields_font_size=&#8221;16px&#8221; dropdown_menus_font=&#8221;Cabin|700||on|||||&#8221; dropdown_menus_font_size=&#8221;16px&#8221; background_enable_color=&#8221;off&#8221; use_focus_border_color=&#8221;on&#8221; custom_button=&#8221;on&#8221; button_text_size=&#8221;15px&#8221; button_text_color=&#8221;#FFFFFF&#8221; button_bg_color=&#8221;#005341&#8243; button_border_width=&#8221;0px&#8221; button_border_radius=&#8221;100px&#8221; button_letter_spacing=&#8221;0.3em&#8221; button_font=&#8221;Albert Sans|900||on|||||&#8221; button_icon=&#8221;&#xf291;||fa||900&#8243; button_icon_color=&#8221;#FFFFFF&#8221; button_icon_placement=&#8221;left&#8221; button_on_hover=&#8221;off&#8221; button_custom_margin=&#8221;|||0px|false|false&#8221; button_custom_padding=&#8221;18px|25px|18px|44px|true|false&#8221; width=&#8221;100%&#8221; custom_margin=&#8221;-10px||||false|false&#8221; custom_padding=&#8221;30px||0px||false|false&#8221; field_label_font_size_tablet=&#8221;16px&#8221; field_label_font_size_phone=&#8221;15px&#8221; field_label_font_size_last_edited=&#8221;on|desktop&#8221; fields_font_size_tablet=&#8221;15px&#8221; fields_font_size_phone=&#8221;14px&#8221; fields_font_size_last_edited=&#8221;on|desktop&#8221; button_text_size_tablet=&#8221;15px&#8221; button_text_size_phone=&#8221;11px&#8221; button_text_size_last_edited=&#8221;on|phone&#8221; border_radii_fields=&#8221;on|5px|5px|5px|5px&#8221; border_width_all_fields=&#8221;2px&#8221; border_color_all_fields=&#8221;#005341&#8243; border_radii_fields_focus=&#8221;on|5px|5px|5px|5px&#8221; border_width_all_dropdown_menus=&#8221;2px&#8221; border_color_all_dropdown_menus=&#8221;#000000&#8243; border_radii_dropdown_menus_focus=&#8221;on||||&#8221; global_colors_info=&#8221;{%22gcid-28366106-ecf8-496b-97f0-6a9be6882356%22:%91%22field_label_text_color%22%93,%22gcid-bfa7fe62-254b-41c2-9e7c-1655cf29ea48%22:%91%22title_link_text_color%22,%22required_field_indicator_color%22,%22link_text_color%22%93,%22gcid-28ee6c14-4dda-4188-8b60-5d7790f11e4d%22:%91%22placeholder_color%22,%22border_color_all_form_field%22%93}&#8221;][\/et_pb_wc_add_to_cart][\/et_pb_column][\/et_pb_row][\/et_pb_section][et_pb_section fb_built=&#8221;1&#8243; admin_label=&#8221;Product Details&#8221; _builder_version=&#8221;4.24.0&#8243; _module_preset=&#8221;default&#8221; background_color=&#8221;#f9f6f5&#8243; collapsed=&#8221;on&#8221; global_colors_info=&#8221;{}&#8221;][et_pb_row column_structure=&#8221;1_2,1_2&#8243; _builder_version=&#8221;4.22.0&#8243; _module_preset=&#8221;default&#8221; custom_padding=&#8221;0px||0px|||&#8221; global_colors_info=&#8221;{}&#8221;][et_pb_column type=&#8221;1_2&#8243; _builder_version=&#8221;4.22.0&#8243; _module_preset=&#8221;default&#8221; global_colors_info=&#8221;{}&#8221;][et_pb_text _builder_version=&#8221;4.24.0&#8243; _module_preset=&#8221;_initial&#8221; background_color=&#8221;RGBA(255,255,255,0)&#8221; custom_margin=&#8221;||10px||false|false&#8221; global_colors_info=&#8221;{}&#8221;]<\/p>\n<h3>Toote kirjeldus<\/h3>\n<p>[\/et_pb_text][et_pb_wc_description description_type=&#8221;description&#8221; _builder_version=&#8221;4.22.0&#8243; _module_preset=&#8221;default&#8221; body_font=&#8221;Inter||||||||&#8221; body_font_size=&#8221;16px&#8221; body_line_height=&#8221;1.8em&#8221; body_font_size_tablet=&#8221;15px&#8221; body_font_size_phone=&#8221;14px&#8221; body_font_size_last_edited=&#8221;on|desktop&#8221; locked=&#8221;off&#8221; global_colors_info=&#8221;{}&#8221;][\/et_pb_wc_description][et_pb_wc_description _builder_version=&#8221;4.22.0&#8243; _module_preset=&#8221;default&#8221; body_font=&#8221;Inter||||||||&#8221; body_font_size=&#8221;16px&#8221; body_line_height=&#8221;1.8em&#8221; body_font_size_tablet=&#8221;15px&#8221; body_font_size_phone=&#8221;14px&#8221; body_font_size_last_edited=&#8221;on|desktop&#8221; global_colors_info=&#8221;{}&#8221;][\/et_pb_wc_description][\/et_pb_column][et_pb_column type=&#8221;1_2&#8243; _builder_version=&#8221;4.22.0&#8243; _module_preset=&#8221;default&#8221; global_colors_info=&#8221;{}&#8221;][et_pb_wc_additional_info _builder_version=&#8221;4.24.0&#8243; _module_preset=&#8221;default&#8221; table_row_background_color=&#8221;RGBA(255,255,255,0)&#8221; body_text_color=&#8221;#FFFFFF&#8221; header_font=&#8221;Bayon||||||||&#8221; header_text_align=&#8221;center&#8221; header_text_color=&#8221;#FFFFFF&#8221; header_font_size=&#8221;24px&#8221; header_line_height=&#8221;1.4em&#8221; attribute_font=&#8221;Bayon||||||||&#8221; attribute_text_color=&#8221;#FFFFFF&#8221; attribute_font_size=&#8221;20px&#8221; background_color=&#8221;#005341&#8243; custom_padding=&#8221;40px|40px|40px|40px|true|true&#8221; custom_padding_tablet=&#8221;30px|30px|30px|30px|true|true&#8221; custom_padding_phone=&#8221;20px|20px|20px|20px|true|true&#8221; custom_padding_last_edited=&#8221;on|desktop&#8221; header_font_size_tablet=&#8221;16px&#8221; header_font_size_phone=&#8221;15px&#8221; header_font_size_last_edited=&#8221;on|desktop&#8221; attribute_font_size_tablet=&#8221;16px&#8221; attribute_font_size_phone=&#8221;14px&#8221; attribute_font_size_last_edited=&#8221;on|desktop&#8221; border_radii=&#8221;on|20px|20px|20px|20px&#8221; border_color_all_table=&#8221;RGBA(255,255,255,0)&#8221; border_width_all_table_row=&#8221;0px&#8221; border_color_all_table_row=&#8221;#FFFFFF&#8221; border_style_all_table_row=&#8221;solid&#8221; border_width_bottom_table_row=&#8221;1px&#8221; global_colors_info=&#8221;{}&#8221;][\/et_pb_wc_additional_info][\/et_pb_column][\/et_pb_row][\/et_pb_section]<\/p>\n","protected":false},"excerpt":{"rendered":"<p>\u041c\u0438\u043d\u0438\u043c\u0430\u043b\u044c\u043d\u044b\u0439 \u0437\u0430\u043a\u0430\u0437 \u043d\u0430\u0447\u0438\u043d\u0430\u044f \u0441 5 \u043a\u0443\u0431\u0438\u0447\u0435\u0441\u043a\u0438\u0445 \u043c\u0435\u0442\u0440\u043e\u0432.<br \/>\n\u0411\u0435\u0441\u043f\u043b\u0430\u0442\u043d\u0430\u044f \u0434\u043e\u0441\u0442\u0430\u0432\u043a\u0430 \u0432 \u043f\u0440\u0435\u0434\u0435\u043b\u0430\u0445 \u0418\u0434\u0430-\u0412\u0438\u0440\u0443\u043c\u0430\u0430.<br \/>\n\u0412\u043b\u0430\u0436\u043d\u043e\u0441\u0442\u044c \u043f\u043e\u043b\u0443\u0441\u0443\u0445\u043e\u0439 \u0434\u0440\u0435\u0432\u0435\u0441\u0438\u043d\u044b 25-40%<br \/>\n\u0412\u043b\u0430\u0436\u043d\u043e\u0441\u0442\u044c \u0441\u0432\u0435\u0436\u0435\u0439 \u0434\u0440\u0435\u0432\u0435\u0441\u0438\u043d\u044b 40-60%<br \/>\n\u0414\u043b\u0438\u043d\u0430 \u0434\u0440\u043e\u0432: 30 \u0441\u043c, 40 \u0441\u043c, 50 \u0441\u043c (+-3 \u0441\u043c)<\/p>","protected":false},"featured_media":1345,"template":"","meta":{"_et_pb_use_builder":"on","_et_pb_old_content":"","_et_gb_content_width":"","_monsterinsights_skip_tracking":false,"_monsterinsights_sitenote_active":false,"_monsterinsights_sitenote_note":"","_monsterinsights_sitenote_category":0},"product_brand":[],"product_cat":[33],"product_tag":[],"class_list":{"0":"post-155","1":"product","2":"type-product","3":"status-publish","4":"has-post-thumbnail","6":"product_cat-kuttepuud","8":"first","9":"instock","10":"sale","11":"taxable","12":"shipping-taxable","13":"purchasable","14":"product-type-variable"},"yoast_head":"<!-- This site is optimized with the Yoast SEO Premium plugin v26.7 (Yoast SEO v27.2) - https:\/\/yoast.com\/product\/yoast-seo-premium-wordpress\/ -->\n<title>Marabi - Segapuu<\/title>\n<meta name=\"description\" content=\"Pakume parima hinna ja kvaliteediga segapuud Ida-Virumaal TASUTA tarnega. \u00c4ra maga maha ning tutvu meie e-poes pakutavate k\u00fcttepuude hindadega juba t\u00e4na!\" \/>\n<meta name=\"robots\" content=\"index, follow, max-snippet:-1, max-image-preview:large, max-video-preview:-1\" \/>\n<link rel=\"canonical\" href=\"https:\/\/marabi.ee\/ru\/product\/segapuu\/\" \/>\n<meta property=\"og:locale\" content=\"ru_RU\" \/>\n<meta property=\"og:type\" content=\"article\" \/>\n<meta property=\"og:title\" content=\"Segapuu (toores)\" \/>\n<meta property=\"og:description\" content=\"Pakume parima hinna ja kvaliteediga segapuud Ida-Virumaal TASUTA tarnega. \u00c4ra maga maha ning tutvu meie e-poes pakutavate k\u00fcttepuude hindadega juba t\u00e4na!\" \/>\n<meta property=\"og:url\" content=\"https:\/\/marabi.ee\/ru\/product\/segapuu\/\" \/>\n<meta property=\"og:site_name\" content=\"Marabi\" \/>\n<meta property=\"article:publisher\" content=\"https:\/\/facebook.com\/marabi.ee\" \/>\n<meta property=\"article:modified_time\" content=\"2025-06-16T21:01:55+00:00\" \/>\n<meta property=\"og:image\" content=\"https:\/\/marabi.ee\/wp-content\/uploads\/2024\/01\/toode-sega.jpg\" \/>\n\t<meta property=\"og:image:width\" content=\"1500\" \/>\n\t<meta property=\"og:image:height\" content=\"1000\" \/>\n\t<meta property=\"og:image:type\" content=\"image\/jpeg\" \/>\n<meta name=\"twitter:card\" content=\"summary_large_image\" \/>\n<meta name=\"twitter:label1\" content=\"\u041f\u0440\u0438\u043c\u0435\u0440\u043d\u043e\u0435 \u0432\u0440\u0435\u043c\u044f \u0434\u043b\u044f \u0447\u0442\u0435\u043d\u0438\u044f\" \/>\n\t<meta name=\"twitter:data1\" content=\"2 \u043c\u0438\u043d\u0443\u0442\u044b\" \/>\n<script type=\"application\/ld+json\" class=\"yoast-schema-graph\">{\"@context\":\"https:\/\/schema.org\",\"@graph\":[{\"@type\":[\"WebPage\",\"ItemPage\"],\"@id\":\"https:\/\/marabi.ee\/toode\/segapuu\/\",\"url\":\"https:\/\/marabi.ee\/toode\/segapuu\/\",\"name\":\"Marabi - Segapuu\",\"isPartOf\":{\"@id\":\"https:\/\/marabi.ee\/#website\"},\"primaryImageOfPage\":{\"@id\":\"https:\/\/marabi.ee\/toode\/segapuu\/#primaryimage\"},\"image\":{\"@id\":\"https:\/\/marabi.ee\/toode\/segapuu\/#primaryimage\"},\"thumbnailUrl\":\"https:\/\/marabi.ee\/wp-content\/uploads\/2024\/01\/toode-sega.jpg\",\"datePublished\":\"2024-01-21T22:25:47+00:00\",\"dateModified\":\"2025-06-16T21:01:55+00:00\",\"description\":\"Pakume parima hinna ja kvaliteediga segapuud Ida-Virumaal TASUTA tarnega. \u00c4ra maga maha ning tutvu meie e-poes pakutavate k\u00fcttepuude hindadega juba t\u00e4na!\",\"breadcrumb\":{\"@id\":\"https:\/\/marabi.ee\/toode\/segapuu\/#breadcrumb\"},\"inLanguage\":\"ru-RU\",\"potentialAction\":[{\"@type\":\"ReadAction\",\"target\":[\"https:\/\/marabi.ee\/toode\/segapuu\/\"]}]},{\"@type\":\"ImageObject\",\"inLanguage\":\"ru-RU\",\"@id\":\"https:\/\/marabi.ee\/toode\/segapuu\/#primaryimage\",\"url\":\"https:\/\/marabi.ee\/wp-content\/uploads\/2024\/01\/toode-sega.jpg\",\"contentUrl\":\"https:\/\/marabi.ee\/wp-content\/uploads\/2024\/01\/toode-sega.jpg\",\"width\":1500,\"height\":1000,\"caption\":\"Segapuu\"},{\"@type\":\"BreadcrumbList\",\"@id\":\"https:\/\/marabi.ee\/toode\/segapuu\/#breadcrumb\",\"itemListElement\":[{\"@type\":\"ListItem\",\"position\":1,\"name\":\"Avaleht\",\"item\":\"https:\/\/marabi.ee\/\"},{\"@type\":\"ListItem\",\"position\":2,\"name\":\"Avaleht\",\"item\":\"https:\/\/marabi.ee\/\"},{\"@type\":\"ListItem\",\"position\":3,\"name\":\"Segapuu (toores)\"}]},{\"@type\":\"WebSite\",\"@id\":\"https:\/\/marabi.ee\/#website\",\"url\":\"https:\/\/marabi.ee\/\",\"name\":\"Marabi.ee\",\"description\":\"Kvaliteetsed k\u00fcttepuud parima hinnaga!\",\"publisher\":{\"@id\":\"https:\/\/marabi.ee\/#organization\"},\"alternateName\":\"Marabi\",\"potentialAction\":[{\"@type\":\"SearchAction\",\"target\":{\"@type\":\"EntryPoint\",\"urlTemplate\":\"https:\/\/marabi.ee\/?s={search_term_string}\"},\"query-input\":{\"@type\":\"PropertyValueSpecification\",\"valueRequired\":true,\"valueName\":\"search_term_string\"}}],\"inLanguage\":\"ru-RU\"},{\"@type\":\"Organization\",\"@id\":\"https:\/\/marabi.ee\/#organization\",\"name\":\"Marabi O\u00dc\",\"url\":\"https:\/\/marabi.ee\/\",\"logo\":{\"@type\":\"ImageObject\",\"inLanguage\":\"ru-RU\",\"@id\":\"https:\/\/marabi.ee\/#\/schema\/logo\/image\/\",\"url\":\"https:\/\/marabi.ee\/wp-content\/uploads\/2024\/02\/cropped-marabi_logo.png\",\"contentUrl\":\"https:\/\/marabi.ee\/wp-content\/uploads\/2024\/02\/cropped-marabi_logo.png\",\"width\":512,\"height\":512,\"caption\":\"Marabi O\u00dc\"},\"image\":{\"@id\":\"https:\/\/marabi.ee\/#\/schema\/logo\/image\/\"},\"sameAs\":[\"https:\/\/facebook.com\/marabi.ee\"]}]}<\/script>\n<!-- \/ Yoast SEO Premium plugin. -->","yoast_head_json":{"title":"Marabi - Segapuu","description":"Pakume parima hinna ja kvaliteediga segapuud Ida-Virumaal TASUTA tarnega. \u00c4ra maga maha ning tutvu meie e-poes pakutavate k\u00fcttepuude hindadega juba t\u00e4na!","robots":{"index":"index","follow":"follow","max-snippet":"max-snippet:-1","max-image-preview":"max-image-preview:large","max-video-preview":"max-video-preview:-1"},"canonical":"https:\/\/marabi.ee\/ru\/product\/segapuu\/","og_locale":"ru_RU","og_type":"article","og_title":"Segapuu (toores)","og_description":"Pakume parima hinna ja kvaliteediga segapuud Ida-Virumaal TASUTA tarnega. \u00c4ra maga maha ning tutvu meie e-poes pakutavate k\u00fcttepuude hindadega juba t\u00e4na!","og_url":"https:\/\/marabi.ee\/ru\/product\/segapuu\/","og_site_name":"Marabi","article_publisher":"https:\/\/facebook.com\/marabi.ee","article_modified_time":"2025-06-16T21:01:55+00:00","og_image":[{"width":1500,"height":1000,"url":"https:\/\/marabi.ee\/wp-content\/uploads\/2024\/01\/toode-sega.jpg","type":"image\/jpeg"}],"twitter_card":"summary_large_image","twitter_misc":{"\u041f\u0440\u0438\u043c\u0435\u0440\u043d\u043e\u0435 \u0432\u0440\u0435\u043c\u044f \u0434\u043b\u044f \u0447\u0442\u0435\u043d\u0438\u044f":"2 \u043c\u0438\u043d\u0443\u0442\u044b"},"schema":{"@context":"https:\/\/schema.org","@graph":[{"@type":["WebPage","ItemPage"],"@id":"https:\/\/marabi.ee\/toode\/segapuu\/","url":"https:\/\/marabi.ee\/toode\/segapuu\/","name":"Marabi - Segapuu","isPartOf":{"@id":"https:\/\/marabi.ee\/#website"},"primaryImageOfPage":{"@id":"https:\/\/marabi.ee\/toode\/segapuu\/#primaryimage"},"image":{"@id":"https:\/\/marabi.ee\/toode\/segapuu\/#primaryimage"},"thumbnailUrl":"https:\/\/marabi.ee\/wp-content\/uploads\/2024\/01\/toode-sega.jpg","datePublished":"2024-01-21T22:25:47+00:00","dateModified":"2025-06-16T21:01:55+00:00","description":"Pakume parima hinna ja kvaliteediga segapuud Ida-Virumaal TASUTA tarnega. \u00c4ra maga maha ning tutvu meie e-poes pakutavate k\u00fcttepuude hindadega juba t\u00e4na!","breadcrumb":{"@id":"https:\/\/marabi.ee\/toode\/segapuu\/#breadcrumb"},"inLanguage":"ru-RU","potentialAction":[{"@type":"ReadAction","target":["https:\/\/marabi.ee\/toode\/segapuu\/"]}]},{"@type":"ImageObject","inLanguage":"ru-RU","@id":"https:\/\/marabi.ee\/toode\/segapuu\/#primaryimage","url":"https:\/\/marabi.ee\/wp-content\/uploads\/2024\/01\/toode-sega.jpg","contentUrl":"https:\/\/marabi.ee\/wp-content\/uploads\/2024\/01\/toode-sega.jpg","width":1500,"height":1000,"caption":"Segapuu"},{"@type":"BreadcrumbList","@id":"https:\/\/marabi.ee\/toode\/segapuu\/#breadcrumb","itemListElement":[{"@type":"ListItem","position":1,"name":"Avaleht","item":"https:\/\/marabi.ee\/"},{"@type":"ListItem","position":2,"name":"Avaleht","item":"https:\/\/marabi.ee\/"},{"@type":"ListItem","position":3,"name":"Segapuu (toores)"}]},{"@type":"WebSite","@id":"https:\/\/marabi.ee\/#website","url":"https:\/\/marabi.ee\/","name":"Marabi.ee","description":"\u041a\u0430\u0447\u0435\u0441\u0442\u0432\u0435\u043d\u043d\u044b\u0435 \u0434\u0440\u043e\u0432\u0430 \u043f\u043e \u043b\u0443\u0447\u0448\u0435\u0439 \u0446\u0435\u043d\u0435!","publisher":{"@id":"https:\/\/marabi.ee\/#organization"},"alternateName":"Marabi","potentialAction":[{"@type":"SearchAction","target":{"@type":"EntryPoint","urlTemplate":"https:\/\/marabi.ee\/?s={search_term_string}"},"query-input":{"@type":"PropertyValueSpecification","valueRequired":true,"valueName":"search_term_string"}}],"inLanguage":"ru-RU"},{"@type":"Organization","@id":"https:\/\/marabi.ee\/#organization","name":"Marabi O\u00dc","url":"https:\/\/marabi.ee\/","logo":{"@type":"ImageObject","inLanguage":"ru-RU","@id":"https:\/\/marabi.ee\/#\/schema\/logo\/image\/","url":"https:\/\/marabi.ee\/wp-content\/uploads\/2024\/02\/cropped-marabi_logo.png","contentUrl":"https:\/\/marabi.ee\/wp-content\/uploads\/2024\/02\/cropped-marabi_logo.png","width":512,"height":512,"caption":"Marabi O\u00dc"},"image":{"@id":"https:\/\/marabi.ee\/#\/schema\/logo\/image\/"},"sameAs":["https:\/\/facebook.com\/marabi.ee"]}]}},"_links":{"self":[{"href":"https:\/\/marabi.ee\/ru\/wp-json\/wp\/v2\/product\/155","targetHints":{"allow":["GET"]}}],"collection":[{"href":"https:\/\/marabi.ee\/ru\/wp-json\/wp\/v2\/product"}],"about":[{"href":"https:\/\/marabi.ee\/ru\/wp-json\/wp\/v2\/types\/product"}],"wp:featuredmedia":[{"embeddable":true,"href":"https:\/\/marabi.ee\/ru\/wp-json\/wp\/v2\/media\/1345"}],"wp:attachment":[{"href":"https:\/\/marabi.ee\/ru\/wp-json\/wp\/v2\/media?parent=155"}],"wp:term":[{"taxonomy":"product_brand","embeddable":true,"href":"https:\/\/marabi.ee\/ru\/wp-json\/wp\/v2\/product_brand?post=155"},{"taxonomy":"product_cat","embeddable":true,"href":"https:\/\/marabi.ee\/ru\/wp-json\/wp\/v2\/product_cat?post=155"},{"taxonomy":"product_tag","embeddable":true,"href":"https:\/\/marabi.ee\/ru\/wp-json\/wp\/v2\/product_tag?post=155"}],"curies":[{"name":"wp","href":"https:\/\/api.w.org\/{rel}","templated":true}]}}