{"id":282823,"date":"2025-06-16T23:16:35","date_gmt":"2025-06-16T20:16:35","guid":{"rendered":"https:\/\/marabi.ee\/?post_type=product&#038;p=282823"},"modified":"2025-07-08T23:10:38","modified_gmt":"2025-07-08T20:10:38","slug":"kask-voi-lepp","status":"publish","type":"product","link":"https:\/\/marabi.ee\/ru\/product\/kask-voi-lepp\/","title":{"rendered":"Kask v\u00f5i lepp (toores)"},"content":{"rendered":"<p>[et_pb_section fb_built=&#8221;1&#8243; _builder_version=&#8221;4.27.4&#8243; _module_preset=&#8221;default&#8221; global_colors_info=&#8221;{}&#8221; collapsed=&#8221;on&#8221;][\/et_pb_section]<\/p>\n","protected":false},"excerpt":{"rendered":"<p data-start=\"209\" data-end=\"405\">V\u00e4iksemas koguses k\u00fcttepuud: <strong data-start=\"238\" data-end=\"255\">kask v\u00f5i lepp<\/strong>, vastavalt sellele, kumb parasjagu saadaval on. Ideaalne neile, kes soovivad proovida meie k\u00fcttepuid v\u00e4iksemas koguses v\u00f5i vajavad ajutist t\u00e4iendust.<br \/>\n\u0411\u0435\u0441\u043f\u043b\u0430\u0442\u043d\u0430\u044f \u0434\u043e\u0441\u0442\u0430\u0432\u043a\u0430 \u0432 \u043f\u0440\u0435\u0434\u0435\u043b\u0430\u0445 \u0418\u0434\u0430-\u0412\u0438\u0440\u0443\u043c\u0430\u0430.<br \/>\n\u0412\u043b\u0430\u0436\u043d\u043e\u0441\u0442\u044c \u043f\u043e\u043b\u0443\u0441\u0443\u0445\u043e\u0439 \u0434\u0440\u0435\u0432\u0435\u0441\u0438\u043d\u044b 25-40%<br \/>\n\u0412\u043b\u0430\u0436\u043d\u043e\u0441\u0442\u044c \u0441\u0432\u0435\u0436\u0435\u0439 \u0434\u0440\u0435\u0432\u0435\u0441\u0438\u043d\u044b 40-60%<br \/>\n\u0414\u043b\u0438\u043d\u0430 \u0434\u0440\u043e\u0432: 30 \u0441\u043c, 40 \u0441\u043c, 50 \u0441\u043c (+-3 \u0441\u043c)<\/p>","protected":false},"featured_media":1345,"template":"","meta":{"_et_pb_use_builder":"on","_et_pb_old_content":"","_et_gb_content_width":"","_monsterinsights_skip_tracking":false,"_monsterinsights_sitenote_active":false,"_monsterinsights_sitenote_note":"","_monsterinsights_sitenote_category":0},"product_brand":[],"product_cat":[59],"product_tag":[],"class_list":{"0":"post-282823","1":"product","2":"type-product","3":"status-publish","4":"has-post-thumbnail","6":"product_cat-vaiksemkogus","8":"first","9":"instock","10":"sold-individually","11":"taxable","12":"shipping-taxable","13":"purchasable","14":"product-type-variable"},"yoast_head":"<!-- This site is optimized with the Yoast SEO Premium plugin v26.7 (Yoast SEO v27.2) - https:\/\/yoast.com\/product\/yoast-seo-premium-wordpress\/ -->\n<title>Marabi - Kask v\u00f5i lepp \u2013 v\u00e4iksem kogus k\u00fcttepuud<\/title>\n<meta name=\"description\" content=\"Pakume parima hinna ja kvaliteediga kask\/lepp Ida-Virumaal TASUTA tarnega. \u00c4ra maga maha ning tutvu meie e-poes pakutavate k\u00fcttepuude hindadega juba t\u00e4na!\" \/>\n<meta name=\"robots\" content=\"index, follow, max-snippet:-1, max-image-preview:large, max-video-preview:-1\" \/>\n<link rel=\"canonical\" href=\"https:\/\/marabi.ee\/ru\/product\/kask-voi-lepp\/\" \/>\n<meta property=\"og:locale\" content=\"ru_RU\" \/>\n<meta property=\"og:type\" content=\"article\" \/>\n<meta property=\"og:title\" content=\"Kask v\u00f5i lepp (toores)\" \/>\n<meta property=\"og:description\" content=\"Pakume parima hinna ja kvaliteediga kask\/lepp Ida-Virumaal TASUTA tarnega. \u00c4ra maga maha ning tutvu meie e-poes pakutavate k\u00fcttepuude hindadega juba t\u00e4na!\" \/>\n<meta property=\"og:url\" content=\"https:\/\/marabi.ee\/ru\/product\/kask-voi-lepp\/\" \/>\n<meta property=\"og:site_name\" content=\"Marabi\" \/>\n<meta property=\"article:publisher\" content=\"https:\/\/facebook.com\/marabi.ee\" \/>\n<meta property=\"article:modified_time\" content=\"2025-07-08T20:10:38+00:00\" \/>\n<meta property=\"og:image\" content=\"https:\/\/marabi.ee\/wp-content\/uploads\/2024\/01\/toode-sega.jpg\" \/>\n\t<meta property=\"og:image:width\" content=\"1500\" \/>\n\t<meta property=\"og:image:height\" content=\"1000\" \/>\n\t<meta property=\"og:image:type\" content=\"image\/jpeg\" \/>\n<meta name=\"twitter:card\" content=\"summary_large_image\" \/>\n<meta name=\"twitter:label1\" content=\"\u041f\u0440\u0438\u043c\u0435\u0440\u043d\u043e\u0435 \u0432\u0440\u0435\u043c\u044f \u0434\u043b\u044f \u0447\u0442\u0435\u043d\u0438\u044f\" \/>\n\t<meta name=\"twitter:data1\" content=\"1 \u043c\u0438\u043d\u0443\u0442\u0430\" \/>\n<script type=\"application\/ld+json\" class=\"yoast-schema-graph\">{\"@context\":\"https:\/\/schema.org\",\"@graph\":[{\"@type\":[\"WebPage\",\"ItemPage\"],\"@id\":\"https:\/\/marabi.ee\/toode\/kask-voi-lepp\/\",\"url\":\"https:\/\/marabi.ee\/toode\/kask-voi-lepp\/\",\"name\":\"Marabi - Kask v\u00f5i lepp \u2013 v\u00e4iksem kogus k\u00fcttepuud\",\"isPartOf\":{\"@id\":\"https:\/\/marabi.ee\/#website\"},\"primaryImageOfPage\":{\"@id\":\"https:\/\/marabi.ee\/toode\/kask-voi-lepp\/#primaryimage\"},\"image\":{\"@id\":\"https:\/\/marabi.ee\/toode\/kask-voi-lepp\/#primaryimage\"},\"thumbnailUrl\":\"https:\/\/marabi.ee\/wp-content\/uploads\/2024\/01\/toode-sega.jpg\",\"datePublished\":\"2025-06-16T20:16:35+00:00\",\"dateModified\":\"2025-07-08T20:10:38+00:00\",\"description\":\"Pakume parima hinna ja kvaliteediga kask\/lepp Ida-Virumaal TASUTA tarnega. \u00c4ra maga maha ning tutvu meie e-poes pakutavate k\u00fcttepuude hindadega juba t\u00e4na!\",\"breadcrumb\":{\"@id\":\"https:\/\/marabi.ee\/toode\/kask-voi-lepp\/#breadcrumb\"},\"inLanguage\":\"ru-RU\",\"potentialAction\":[{\"@type\":\"ReadAction\",\"target\":[\"https:\/\/marabi.ee\/toode\/kask-voi-lepp\/\"]}]},{\"@type\":\"ImageObject\",\"inLanguage\":\"ru-RU\",\"@id\":\"https:\/\/marabi.ee\/toode\/kask-voi-lepp\/#primaryimage\",\"url\":\"https:\/\/marabi.ee\/wp-content\/uploads\/2024\/01\/toode-sega.jpg\",\"contentUrl\":\"https:\/\/marabi.ee\/wp-content\/uploads\/2024\/01\/toode-sega.jpg\",\"width\":1500,\"height\":1000,\"caption\":\"Segapuu\"},{\"@type\":\"BreadcrumbList\",\"@id\":\"https:\/\/marabi.ee\/toode\/kask-voi-lepp\/#breadcrumb\",\"itemListElement\":[{\"@type\":\"ListItem\",\"position\":1,\"name\":\"Avaleht\",\"item\":\"https:\/\/marabi.ee\/\"},{\"@type\":\"ListItem\",\"position\":2,\"name\":\"Avaleht\",\"item\":\"https:\/\/marabi.ee\/\"},{\"@type\":\"ListItem\",\"position\":3,\"name\":\"Kask v\u00f5i lepp (toores)\"}]},{\"@type\":\"WebSite\",\"@id\":\"https:\/\/marabi.ee\/#website\",\"url\":\"https:\/\/marabi.ee\/\",\"name\":\"Marabi.ee\",\"description\":\"Kvaliteetsed k\u00fcttepuud parima hinnaga!\",\"publisher\":{\"@id\":\"https:\/\/marabi.ee\/#organization\"},\"alternateName\":\"Marabi\",\"potentialAction\":[{\"@type\":\"SearchAction\",\"target\":{\"@type\":\"EntryPoint\",\"urlTemplate\":\"https:\/\/marabi.ee\/?s={search_term_string}\"},\"query-input\":{\"@type\":\"PropertyValueSpecification\",\"valueRequired\":true,\"valueName\":\"search_term_string\"}}],\"inLanguage\":\"ru-RU\"},{\"@type\":\"Organization\",\"@id\":\"https:\/\/marabi.ee\/#organization\",\"name\":\"Marabi O\u00dc\",\"url\":\"https:\/\/marabi.ee\/\",\"logo\":{\"@type\":\"ImageObject\",\"inLanguage\":\"ru-RU\",\"@id\":\"https:\/\/marabi.ee\/#\/schema\/logo\/image\/\",\"url\":\"https:\/\/marabi.ee\/wp-content\/uploads\/2024\/02\/cropped-marabi_logo.png\",\"contentUrl\":\"https:\/\/marabi.ee\/wp-content\/uploads\/2024\/02\/cropped-marabi_logo.png\",\"width\":512,\"height\":512,\"caption\":\"Marabi O\u00dc\"},\"image\":{\"@id\":\"https:\/\/marabi.ee\/#\/schema\/logo\/image\/\"},\"sameAs\":[\"https:\/\/facebook.com\/marabi.ee\"]}]}<\/script>\n<!-- \/ Yoast SEO Premium plugin. -->","yoast_head_json":{"title":"Marabi - Kask v\u00f5i lepp \u2013 v\u00e4iksem kogus k\u00fcttepuud","description":"Pakume parima hinna ja kvaliteediga kask\/lepp Ida-Virumaal TASUTA tarnega. \u00c4ra maga maha ning tutvu meie e-poes pakutavate k\u00fcttepuude hindadega juba t\u00e4na!","robots":{"index":"index","follow":"follow","max-snippet":"max-snippet:-1","max-image-preview":"max-image-preview:large","max-video-preview":"max-video-preview:-1"},"canonical":"https:\/\/marabi.ee\/ru\/product\/kask-voi-lepp\/","og_locale":"ru_RU","og_type":"article","og_title":"Kask v\u00f5i lepp (toores)","og_description":"Pakume parima hinna ja kvaliteediga kask\/lepp Ida-Virumaal TASUTA tarnega. \u00c4ra maga maha ning tutvu meie e-poes pakutavate k\u00fcttepuude hindadega juba t\u00e4na!","og_url":"https:\/\/marabi.ee\/ru\/product\/kask-voi-lepp\/","og_site_name":"Marabi","article_publisher":"https:\/\/facebook.com\/marabi.ee","article_modified_time":"2025-07-08T20:10:38+00:00","og_image":[{"width":1500,"height":1000,"url":"https:\/\/marabi.ee\/wp-content\/uploads\/2024\/01\/toode-sega.jpg","type":"image\/jpeg"}],"twitter_card":"summary_large_image","twitter_misc":{"\u041f\u0440\u0438\u043c\u0435\u0440\u043d\u043e\u0435 \u0432\u0440\u0435\u043c\u044f \u0434\u043b\u044f \u0447\u0442\u0435\u043d\u0438\u044f":"1 \u043c\u0438\u043d\u0443\u0442\u0430"},"schema":{"@context":"https:\/\/schema.org","@graph":[{"@type":["WebPage","ItemPage"],"@id":"https:\/\/marabi.ee\/toode\/kask-voi-lepp\/","url":"https:\/\/marabi.ee\/toode\/kask-voi-lepp\/","name":"Marabi - Kask v\u00f5i lepp \u2013 v\u00e4iksem kogus k\u00fcttepuud","isPartOf":{"@id":"https:\/\/marabi.ee\/#website"},"primaryImageOfPage":{"@id":"https:\/\/marabi.ee\/toode\/kask-voi-lepp\/#primaryimage"},"image":{"@id":"https:\/\/marabi.ee\/toode\/kask-voi-lepp\/#primaryimage"},"thumbnailUrl":"https:\/\/marabi.ee\/wp-content\/uploads\/2024\/01\/toode-sega.jpg","datePublished":"2025-06-16T20:16:35+00:00","dateModified":"2025-07-08T20:10:38+00:00","description":"Pakume parima hinna ja kvaliteediga kask\/lepp Ida-Virumaal TASUTA tarnega. \u00c4ra maga maha ning tutvu meie e-poes pakutavate k\u00fcttepuude hindadega juba t\u00e4na!","breadcrumb":{"@id":"https:\/\/marabi.ee\/toode\/kask-voi-lepp\/#breadcrumb"},"inLanguage":"ru-RU","potentialAction":[{"@type":"ReadAction","target":["https:\/\/marabi.ee\/toode\/kask-voi-lepp\/"]}]},{"@type":"ImageObject","inLanguage":"ru-RU","@id":"https:\/\/marabi.ee\/toode\/kask-voi-lepp\/#primaryimage","url":"https:\/\/marabi.ee\/wp-content\/uploads\/2024\/01\/toode-sega.jpg","contentUrl":"https:\/\/marabi.ee\/wp-content\/uploads\/2024\/01\/toode-sega.jpg","width":1500,"height":1000,"caption":"Segapuu"},{"@type":"BreadcrumbList","@id":"https:\/\/marabi.ee\/toode\/kask-voi-lepp\/#breadcrumb","itemListElement":[{"@type":"ListItem","position":1,"name":"Avaleht","item":"https:\/\/marabi.ee\/"},{"@type":"ListItem","position":2,"name":"Avaleht","item":"https:\/\/marabi.ee\/"},{"@type":"ListItem","position":3,"name":"Kask v\u00f5i lepp (toores)"}]},{"@type":"WebSite","@id":"https:\/\/marabi.ee\/#website","url":"https:\/\/marabi.ee\/","name":"Marabi.ee","description":"\u041a\u0430\u0447\u0435\u0441\u0442\u0432\u0435\u043d\u043d\u044b\u0435 \u0434\u0440\u043e\u0432\u0430 \u043f\u043e \u043b\u0443\u0447\u0448\u0435\u0439 \u0446\u0435\u043d\u0435!","publisher":{"@id":"https:\/\/marabi.ee\/#organization"},"alternateName":"Marabi","potentialAction":[{"@type":"SearchAction","target":{"@type":"EntryPoint","urlTemplate":"https:\/\/marabi.ee\/?s={search_term_string}"},"query-input":{"@type":"PropertyValueSpecification","valueRequired":true,"valueName":"search_term_string"}}],"inLanguage":"ru-RU"},{"@type":"Organization","@id":"https:\/\/marabi.ee\/#organization","name":"Marabi O\u00dc","url":"https:\/\/marabi.ee\/","logo":{"@type":"ImageObject","inLanguage":"ru-RU","@id":"https:\/\/marabi.ee\/#\/schema\/logo\/image\/","url":"https:\/\/marabi.ee\/wp-content\/uploads\/2024\/02\/cropped-marabi_logo.png","contentUrl":"https:\/\/marabi.ee\/wp-content\/uploads\/2024\/02\/cropped-marabi_logo.png","width":512,"height":512,"caption":"Marabi O\u00dc"},"image":{"@id":"https:\/\/marabi.ee\/#\/schema\/logo\/image\/"},"sameAs":["https:\/\/facebook.com\/marabi.ee"]}]}},"_links":{"self":[{"href":"https:\/\/marabi.ee\/ru\/wp-json\/wp\/v2\/product\/282823","targetHints":{"allow":["GET"]}}],"collection":[{"href":"https:\/\/marabi.ee\/ru\/wp-json\/wp\/v2\/product"}],"about":[{"href":"https:\/\/marabi.ee\/ru\/wp-json\/wp\/v2\/types\/product"}],"wp:featuredmedia":[{"embeddable":true,"href":"https:\/\/marabi.ee\/ru\/wp-json\/wp\/v2\/media\/1345"}],"wp:attachment":[{"href":"https:\/\/marabi.ee\/ru\/wp-json\/wp\/v2\/media?parent=282823"}],"wp:term":[{"taxonomy":"product_brand","embeddable":true,"href":"https:\/\/marabi.ee\/ru\/wp-json\/wp\/v2\/product_brand?post=282823"},{"taxonomy":"product_cat","embeddable":true,"href":"https:\/\/marabi.ee\/ru\/wp-json\/wp\/v2\/product_cat?post=282823"},{"taxonomy":"product_tag","embeddable":true,"href":"https:\/\/marabi.ee\/ru\/wp-json\/wp\/v2\/product_tag?post=282823"}],"curies":[{"name":"wp","href":"https:\/\/api.w.org\/{rel}","templated":true}]}}